{"id":10073,"date":"2016-12-20T23:52:35","date_gmt":"2016-12-20T22:52:35","guid":{"rendered":"https:\/\/hb9sota.ch\/technique-et-logiciel\/"},"modified":"2025-02-04T09:23:30","modified_gmt":"2025-02-04T08:23:30","slug":"technique-et-logiciel","status":"publish","type":"page","link":"https:\/\/hb9sota.ch\/fr\/technique-et-logiciel\/","title":{"rendered":"Technique et logiciel"},"content":{"rendered":"\n<h2 class=\"wp-block-heading\">Antennes<\/h2>\n\n<ul class=\"wp-block-list\">\n<li>Antenne demi-onde \u00e0 alimentation finale pour 7 bandes &#8211; par Stephan HB9EAJ : <a href=\"https:\/\/hb9sota.ch\/wp-content\/uploads\/2021\/08\/Portable-7-Band-EFHW_HB9EAJ-V1.2.pdf\">Portable-7-bandes-EFHW_HB9EAJ-V1.2.pdf<\/a><\/li>\n\n\n\n<li>Antenne toutes bandes pour l&rsquo;\u00e9metteur-r\u00e9cepteur Elecraft KX2 &#8211; par Heinz HB9BCB : <a href=\"https:\/\/hb9sota.ch\/wp-content\/uploads\/2021\/05\/All-band-antenna-for-the-KX2-KXAT2.pdf\">All-band-antenna-for-the-KX2-KXAT2.pdf<\/a><\/li>\n\n\n\n<li>R\u00e9sultats de la comparaison des antennes WSPR de HB9SOTA du 2 juillet 2017 sur le Gurten : <a href=\"https:\/\/hb9sota.ch\/wp-content\/uploads\/2017\/07\/wspr_gurten_hb9sota_20170702.pdf\">wspr_gurten_hb9sota_20170702.pdf<\/a><\/li>\n\n\n\n<li>Coupleur EFHW Slim &#8211; par Heinz HB9BCB : <a href=\"https:\/\/hb9sota.ch\/wp-content\/uploads\/2018\/01\/Slim-EFHW-Koppler.pdf\">Coupleur EFHW Slim.pdf<\/a><\/li>\n\n\n\n<li>La Matt-Loop &#8211; Antenne \u00e0 boucle magn\u00e9tique par Matthias HB9FVF : <a rel=\"noopener noreferrer\" href=\"https:\/\/hb9sota.ch\/wp-content\/uploads\/2016\/12\/Die-Matt-Loop.pdf\" target=\"_blank\">Die-matt-loop.pdf<\/a><\/li>\n\n\n\n<li>Antenne verticale \u00ab\u00a0Inverted-L\u00a0\u00bb avec radians &#8211; par Dominik HB9CZF : <a href=\"https:\/\/hb9czf.wordpress.com\/sota\/my-sota-antenna\/\" target=\"_blank\" rel=\"noopener noreferrer\">My SOTA Antenna<\/a><\/li>\n<\/ul>\n\n<h2 class=\"wp-block-heading\">Revendeur<\/h2>\n\n<ul class=\"wp-block-list\">\n<li><a href=\"https:\/\/www.lutz-electronics.ch\">Lutz Electronics<\/a>: boutique en ligne suisse et magasin pour radioamateurs et accessoires SOTA<\/li>\n<\/ul>\n\n<h2 class=\"wp-block-heading\">Navigation<\/h2>\n\n<ul class=\"wp-block-list\">\n<li><a href=\"https:\/\/sotl.as\/\">SOTLAS<\/a>: Atlas SOTA mondial avec carte, spots, statistiques des activateurs, etc.<\/li>\n\n\n\n<li><a href=\"https:\/\/hb9sota.ch\/fr\/carte-des-sommets\/\">Carte des sommets<\/a>: Carte interactive et filtrable des sommets SOTA en HB\/HB0<\/li>\n\n\n\n<li><a href=\"https:\/\/sotatrails.ch\">SOTA Trails<\/a>: sentiers de randonn\u00e9e et de montagne vers les sommets SOTA par Ren\u00e9 HB9CRY<\/li>\n\n\n\n<li><a href=\"https:\/\/hb9sota.ch\/sota-gipfel-auf-der-schweizer-landeskarte-anzeigen\/\">Afficher les sommets SOTA sur la carte nationale suisse<\/a> par Ralf HB9GKR<\/li>\n\n\n\n<li>Garmin BaseCamp &#8211; par J\u00fcrg HB9BIN : <a href=\"https:\/\/hb9sota.ch\/wp-content\/uploads\/2016\/12\/Garmin-BaseCamp-HTC_SOTA.pdf\">garmin-basecamp-htc_sota.pdf<\/a><\/li>\n\n\n\n<li><a href=\"https:\/\/hb9sota.ch\/parkplatz\/\" data-type=\"page\" data-id=\"837\">Points de d\u00e9part HB9BIN<\/a><\/li>\n\n\n\n<li><a href=\"https:\/\/hb9sota.ch\/fr\/sommets-dans-les-regions-wwff\/\" data-type=\"page\" data-id=\"4251\">Sommets dans les r\u00e9gions HBFF<\/a><\/li>\n\n\n\n<li><a href=\"https:\/\/hb9sota.ch\/wp-content\/uploads\/2023\/04\/hb_az.zip\">Zones d&rsquo;activation des sommets HB sous forme de fichiers .gpx et .geojson<\/a> par Manuel HB9DQM<\/li>\n<\/ul>\n\n<h2 class=\"wp-block-heading\">Logiciel<\/h2>\n\n<ul class=\"wp-block-list\">\n<li><a href=\"https:\/\/hb9sota.ch\/names_hb9bin\/names.csv\">names.csv<\/a>-Datei f\u00fcr VK port-a-log (Version 23.02.2023) \u2013 von J\u00fcrg HB9BIN (Fehler bitte an&nbsp;<a href=\"mailto:juerg.regli@swissonline.ch\">juerg.regli@swissonline.ch<\/a>&nbsp;melden)\n<ul class=\"wp-block-list\">\n<li>Contient des pseudos entre parenth\u00e8ses, et parfois des r\u00e9f\u00e9rences WWFF d&rsquo;OMs avec QTH dans une r\u00e9gion.<\/li>\n<\/ul>\n<\/li>\n\n\n\n<li><a href=\"https:\/\/hb9sota.ch\/hb9eaj\/\" data-type=\"page\" data-id=\"5588\">Fichier names.csv<\/a> pour VK port-a-log et OutD Log &#8211; par Stephan HB9EAJ (pour la derni\u00e8re version, voir le lien)\n<ul class=\"wp-block-list\">\n<li>Fichier de noms nettoy\u00e9 par logiciel (sans noms inconnus, caract\u00e8res sp\u00e9ciaux, r\u00e9f\u00e9rences, etc.)<\/li>\n<\/ul>\n<\/li>\n\n\n\n<li><a href=\"https:\/\/hb9sota.ch\/wp-content\/uploads\/2019\/05\/FT8-und-die-digitale-Revolution.pdf\">FT8 &#8211; La r\u00e9volution num\u00e9rique dans le radioamateurisme<\/a> &#8211; par J\u00fcrg HB9BIN<\/li>\n\n\n\n<li><a href=\"https:\/\/neon1.net\/sota\/presentations\/hamalert_de.pdf\">HamAlert &#8211; Alertes push\/SMS\/e-mail pour les spots<\/a> &#8211; par Manuel HB9DQM<\/li>\n\n\n\n<li>Enregistrement SOTA avec VK port-a-log pour Android &#8211; par Manuel HB9DQM : <a href=\"https:\/\/hb9sota.ch\/wp-content\/uploads\/2016\/12\/Vom-Papier-zum-Tablet.pdf\">Du papier \u00e0 la tablette.pdf<\/a><\/li>\n\n\n\n<li>SOTALog &#8211; par Peter HB9TVK <a rel=\"noopener noreferrer\" href=\"http:\/\/sota.hb9tvk.org\/sotalog\" target=\"_blank\">: http:\/\/sota.hb9tvk.org\/sotalog<\/a><\/li>\n\n\n\n<li>Liste des logiciels SOTA de Christophe ON6ZQ <a rel=\"noopener noreferrer\" href=\"http:\/\/www.on6zq.be\/w\/index.php\/SOTA\/Software\" target=\"_blank\">: http:\/\/www.on6zq.be\/w\/index.php\/SOTA\/Software<\/a><\/li>\n<\/ul>\n\n<h2 class=\"wp-block-heading\">Emetteur-r\u00e9cepteur<\/h2>\n\n<ul class=\"wp-block-list\">\n<li>KX3 versus FT817 &#8211; par J\u00fcrg HB9BIN : <a href=\"https:\/\/hb9sota.ch\/wp-content\/uploads\/2016\/12\/KX3-versus-FT817ND.pdf\" target=\"_blank\" rel=\"noopener noreferrer\">kx3-versus-ft817nd.pdf<\/a><\/li>\n\n\n\n<li>Comparaison KX2 et KX3 &#8211; par J\u00fcrg HB9BIN : <a href=\"https:\/\/hb9sota.ch\/wp-content\/uploads\/2016\/12\/Vergleich-KX2-und-KX3.pdf\" target=\"_blank\" rel=\"noopener noreferrer\">comparer-kx2et-kx3.pdf<\/a><\/li>\n<\/ul>\n\n<h2 class=\"wp-block-heading\">Autres aides<\/h2>\n\n<ul class=\"wp-block-list\">\n<li>Spotting via APRS avec le Yaesu FT2D &#8211; par Thomas HB9JAT : <a href=\"https:\/\/hb9sota.ch\/wp-content\/uploads\/2016\/12\/APRS2SOTA-by-HB9JAT-30.04.2017.pdf\">APRS2SOTA by HB9JAT.pdf<\/a><\/li>\n<\/ul>\n","protected":false},"excerpt":{"rendered":"<p>Antennes Revendeur Navigation Logiciel Emetteur-r\u00e9cepteur Autres aides<\/p>\n","protected":false},"author":1,"featured_media":0,"parent":0,"menu_order":0,"comment_status":"closed","ping_status":"closed","template":"","meta":{"publish_to_discourse":"","publish_post_category":"","wpdc_auto_publish_overridden":"","wpdc_topic_tags":"","wpdc_pin_topic":"","wpdc_pin_until":"","discourse_post_id":"","discourse_permalink":"","wpdc_publishing_response":"","wpdc_publishing_error":"","footnotes":""},"class_list":["post-10073","page","type-page","status-publish","hentry"],"_links":{"self":[{"href":"https:\/\/hb9sota.ch\/fr\/wp-json\/wp\/v2\/pages\/10073","targetHints":{"allow":["GET"]}}],"collection":[{"href":"https:\/\/hb9sota.ch\/fr\/wp-json\/wp\/v2\/pages"}],"about":[{"href":"https:\/\/hb9sota.ch\/fr\/wp-json\/wp\/v2\/types\/page"}],"author":[{"embeddable":true,"href":"https:\/\/hb9sota.ch\/fr\/wp-json\/wp\/v2\/users\/1"}],"replies":[{"embeddable":true,"href":"https:\/\/hb9sota.ch\/fr\/wp-json\/wp\/v2\/comments?post=10073"}],"version-history":[{"count":2,"href":"https:\/\/hb9sota.ch\/fr\/wp-json\/wp\/v2\/pages\/10073\/revisions"}],"predecessor-version":[{"id":10362,"href":"https:\/\/hb9sota.ch\/fr\/wp-json\/wp\/v2\/pages\/10073\/revisions\/10362"}],"wp:attachment":[{"href":"https:\/\/hb9sota.ch\/fr\/wp-json\/wp\/v2\/media?parent=10073"}],"curies":[{"name":"wp","href":"https:\/\/api.w.org\/{rel}","templated":true}]}}