{"id":10070,"date":"2018-06-10T19:24:21","date_gmt":"2018-06-10T17:24:21","guid":{"rendered":"https:\/\/hb9sota.ch\/prochaines-activations-en-hb\/"},"modified":"2025-01-06T17:26:27","modified_gmt":"2025-01-06T16:26:27","slug":"prochaines-activations-en-hb","status":"publish","type":"page","link":"https:\/\/hb9sota.ch\/fr\/prochaines-activations-en-hb\/","title":{"rendered":"Prochaines activations en HB"},"content":{"rendered":"\n<link rel=\"stylesheet\" type=\"text\/css\" href=\"\/activations\/DataTables\/datatables.min.css\"\/>\n<link rel=\"stylesheet\" type=\"text\/css\" href=\"\/activations\/css\/hbact.css\"\/>\n<link rel=\"stylesheet\" type=\"text\/css\" href=\"\/activations\/css\/hbact_small.css\"\/>\n<script type=\"text\/javascript\" src=\"\/activations\/DataTables\/datatables.min.js\"><\/script>\n<script type=\"text\/javascript\" src=\"\/activations\/js\/moment.min.js\"><\/script>\n<script type=\"text\/javascript\" src=\"\/activations\/js\/de.js\"><\/script>\n<script src=\"\/activations\/alerts.js\"><\/script>\n<script type=\"text\/javascript\">prepareAlertsTable('alertsTable');<\/script>\n\n<p><a rel=\"noopener noreferrer\" href=\"https:\/\/neon1.net\/sota\/alerts\/?prefix=HB,HB0&amp;lang=de\" target=\"_blank\">Ouvrir dans une page s\u00e9par\u00e9e<\/a> | <a href=\"https:\/\/hb9sota.ch\/naechste-aktivierungen-von-hb-operators-im-ausland\/\">Prochaines activations d&rsquo;op\u00e9rateurs HB \u00e0 l&rsquo;\u00e9tranger<\/a><\/p>\n\n<table id=\"alertsTable\" class=\"activationsTable display compact cell-border nowrap\" style=\"width:100%\">\n<thead>\n<tr>\n<th>Date<\/th>\n<th>Indicatif<\/th>\n<th>Heure<\/th>\n<th>R\u00e9f. sommet<\/th>\n<th>Nom<\/th>\n<th>Altitude<\/th>\n<th>Points<\/th>\n<th>Bandes<\/th>\n<th>Modes<\/th>\n<th>Commentaire<\/th>\n<\/tr>\n<\/thead>\n<\/table>\n\n<footer>Toutes les heures sont indiqu\u00e9es en UTC. Les informations proviennent de SOTAwatch (Alerts) et sont automatiquement mises \u00e0 jour toutes les cinq minutes.<br\/>Derni\u00e8re mise \u00e0 jour : <span id=\"lastRefreshTime\"><\/span><\/footer>\n","protected":false},"excerpt":{"rendered":"<p>Ouvrir dans une page s\u00e9par\u00e9e | Prochaines activations d&rsquo;op\u00e9rateurs HB \u00e0 l&rsquo;\u00e9tranger Date Indicatif Heure R\u00e9f. sommet Nom Altitude Points Bandes Modes Commentaire Toutes les heures sont indiqu\u00e9es en UTC. Les informations proviennent de SOTAwatch (Alerts) et sont automatiquement mises &hellip;<\/p>\n<p class=\"read-more\"> <a class=\"more-link\" href=\"https:\/\/hb9sota.ch\/fr\/prochaines-activations-en-hb\/\"> <span class=\"screen-reader-text\">Prochaines activations en HB<\/span> Read More &raquo;<\/a><\/p>\n","protected":false},"author":1,"featured_media":0,"parent":0,"menu_order":0,"comment_status":"closed","ping_status":"closed","template":"","meta":{"publish_to_discourse":"","publish_post_category":"","wpdc_auto_publish_overridden":"","wpdc_topic_tags":"","wpdc_pin_topic":"","wpdc_pin_until":"","discourse_post_id":"","discourse_permalink":"","wpdc_publishing_response":"","wpdc_publishing_error":"","footnotes":""},"class_list":["post-10070","page","type-page","status-publish","hentry"],"_links":{"self":[{"href":"https:\/\/hb9sota.ch\/fr\/wp-json\/wp\/v2\/pages\/10070","targetHints":{"allow":["GET"]}}],"collection":[{"href":"https:\/\/hb9sota.ch\/fr\/wp-json\/wp\/v2\/pages"}],"about":[{"href":"https:\/\/hb9sota.ch\/fr\/wp-json\/wp\/v2\/types\/page"}],"author":[{"embeddable":true,"href":"https:\/\/hb9sota.ch\/fr\/wp-json\/wp\/v2\/users\/1"}],"replies":[{"embeddable":true,"href":"https:\/\/hb9sota.ch\/fr\/wp-json\/wp\/v2\/comments?post=10070"}],"version-history":[{"count":1,"href":"https:\/\/hb9sota.ch\/fr\/wp-json\/wp\/v2\/pages\/10070\/revisions"}],"predecessor-version":[{"id":10071,"href":"https:\/\/hb9sota.ch\/fr\/wp-json\/wp\/v2\/pages\/10070\/revisions\/10071"}],"wp:attachment":[{"href":"https:\/\/hb9sota.ch\/fr\/wp-json\/wp\/v2\/media?parent=10070"}],"curies":[{"name":"wp","href":"https:\/\/api.w.org\/{rel}","templated":true}]}}