{"id":90,"date":"2013-10-09T22:42:27","date_gmt":"2013-10-09T22:42:27","guid":{"rendered":"http:\/\/preview.hb9sota.ch\/?page_id=90"},"modified":"2026-01-05T08:06:09","modified_gmt":"2026-01-05T07:06:09","slug":"statuten","status":"publish","type":"page","link":"https:\/\/hb9sota.ch\/en\/statuten\/","title":{"rendered":"Statuten"},"content":{"rendered":"\n<h2 class=\"wp-block-heading\">ARTIKEL 1 ALLGEMEINE BESTIMMUNGEN<\/h2>\n\n\n\n<p>1.1 &nbsp;&nbsp;&nbsp;&nbsp;&nbsp;&nbsp; Die SOTA-Gruppe Schweiz, mit Klubrufzeichen HB9SOTA, wurde am 16. Mai 2005 als Verein nach Artikel 60 ff. des Schweizerischen Zivilgesetzbuches (ZGB) gegr\u00fcndet.<\/p>\n\n\n\n<p>1.2&nbsp;&nbsp;&nbsp;&nbsp;&nbsp;&nbsp; Der Sitz befindet sich am jeweiligen Wohnort des Pr\u00e4sidenten.<\/p>\n\n\n\n<p>1.3&nbsp;&nbsp;&nbsp;&nbsp;&nbsp;&nbsp; HB9SOTA ist politisch und konfessionell neutral, lehnt Diskriminierungen politischer, religi\u00f6ser sowie ethnischer Art und Geschlecht oder Rasse ab.<\/p>\n\n\n\n<p>1.4&nbsp;&nbsp;&nbsp;&nbsp;&nbsp;&nbsp; Das Vereinsjahr dauert vom 1. Januar bis zum 31. Dezember.<\/p>\n\n\n\n<h2 class=\"wp-block-heading\">ARTIKEL 2 ZWECK<\/h2>\n\n\n\n<p>2.1&nbsp;&nbsp;&nbsp;&nbsp;&nbsp;&nbsp; HB9SOTA betreut und koordiniert die SOTA Assoziation Schweiz in allen Belangen. Sie \u00fcberarbeitet periodisch die Schweizer Bergliste bzw. das Assoziations-Referenz-Handbuch (ARM) gem\u00e4ss den Kriterien des SOTA-Managements.<\/p>\n\n\n\n<p>2.2&nbsp;&nbsp;&nbsp;&nbsp;&nbsp;&nbsp; HB9SOTA f\u00f6rdert das Bergfunken mit einem Diplom-Programm, einer Website und anderen PR-Aktionen.<\/p>\n\n\n\n<p>2.3&nbsp;&nbsp;&nbsp;&nbsp;&nbsp;&nbsp; HB9SOTA f\u00f6rdert das Bergfunken allgemein und SOTA im speziellen, organisiert gemeinsame Bergwanderungen und den Schweizer Bergaktivit\u00e4tstag.<\/p>\n\n\n\n<p>2.4&nbsp;&nbsp;&nbsp;&nbsp;&nbsp;&nbsp; HB9SOTA f\u00f6rdert die Zusammenarbeit zwischen Bergfunken und anderen Outdoor-Programmen im Amateurfunk.<\/p>\n\n\n\n<h2 class=\"wp-block-heading\">ARTIKEL 3 MITGLIEDSCHAFT<\/h2>\n\n\n\n<p>3.1&nbsp;&nbsp;&nbsp;&nbsp;&nbsp;&nbsp; Mitglied von HB9SOTA kann jedermann werden, der die vorliegenden Statuten anerkennt.<\/p>\n\n\n\n<p>3.2&nbsp;&nbsp;&nbsp;&nbsp;&nbsp;&nbsp; Die Mitgliedschaft kann auf der Website von HB9SOTA, beim Sekretariat oder bei einem Vorstandsmitglied beantragt werden.<\/p>\n\n\n\n<p>3.3&nbsp;&nbsp;&nbsp;&nbsp;&nbsp;&nbsp; Die Mitgliedschaft tritt nach Eingang des Mitgliederbeitrages in Kraft und gilt f\u00fcr das laufende Vereinsjahr.<\/p>\n\n\n\n<p>3.4&nbsp;&nbsp;&nbsp;&nbsp;&nbsp;&nbsp; Die Mitgliederkategorien von HB9SOTA sind:<\/p>\n\n\n\n<ol class=\"wp-block-list\">\n<li>Aktivmitglieder (lizenzierte Funkamateure)<\/li>\n\n\n\n<li>Passivmitglieder (f\u00fcr Mitglieder, die sich f\u00fcr das Bergfunken interessieren.)<\/li>\n\n\n\n<li>Ehrenmitglieder (von der GV ernannt)<\/li>\n<\/ol>\n\n\n\n<p>3.5&nbsp;&nbsp;&nbsp;&nbsp;&nbsp;&nbsp; Rechte und Pflichten: Alle Mitglieder haben an der GV ein Stimm- und Wahlrecht und werden f\u00fcr alle Vereinsanl\u00e4sse eingeladen.<\/p>\n\n\n\n<p>3.6&nbsp;&nbsp;&nbsp;&nbsp;&nbsp;&nbsp; Der Austritt aus HB9SOTA muss schriftlich auf das Ende des Vereinsjahres erfolgen.<\/p>\n\n\n\n<p>3.7&nbsp;&nbsp;&nbsp;&nbsp;&nbsp;&nbsp; Mitglieder, die gegen das Gesetz oder den Ham-Spirit verstossen, k\u00f6nnen vom Vorstand ausgeschlossen werden.<\/p>\n\n\n\n<h2 class=\"wp-block-heading\">ARTIKEL 4 ORGANE<\/h2>\n\n\n\n<p>Die Organe von HB9SOTA sind:<\/p>\n\n\n\n<p>4.1&nbsp;&nbsp;&nbsp;&nbsp;&nbsp;&nbsp; Die ordentliche oder ausserordentliche Generalversammlung.<\/p>\n\n\n\n<p>4.1.1&nbsp;&nbsp; Die Generalversammlung ist das oberste Organ des Vereins Sie wird bis sp\u00e4testens Ende Mai durchgef\u00fchrt und vom amtierenden Pr\u00e4sidenten oder im Verhinderungsfall vom Vizepr\u00e4sidenten oder einem anderen Vorstandsmitglied geleitet. In ausserordentlichen Situationen kann sie auch schriftlich in der Form einer Urabstimmung durchgef\u00fchrt werden.<\/p>\n\n\n\n<p>4.1.2&nbsp;&nbsp; Der ordentlichen Generalversammlung obliegen:<\/p>\n\n\n\n<ul class=\"wp-block-list\">\n<li>a)&nbsp;Feststellung der korrekten statutengem\u00e4ssen Einberufung, der Beschlussf\u00e4higkeit und des absoluten Mehrs<\/li>\n\n\n\n<li>b)&nbsp;Wahl der Stimmenz\u00e4hler<\/li>\n\n\n\n<li>c)&nbsp;Genehmigung des Protokolls der letzten Generalversammlung<\/li>\n\n\n\n<li>d)&nbsp;Genehmigung des Jahresberichtes des Pr\u00e4sidenten und der Vorstandsmitglieder<\/li>\n\n\n\n<li>e)&nbsp;Genehmigung der Jahresrechnung<\/li>\n\n\n\n<li>f)&nbsp;Genehmigung des Berichtes der Rechnungsrevisoren<\/li>\n\n\n\n<li>g)&nbsp;Entlastung der Organe<\/li>\n\n\n\n<li>h) Festsetzung des Mitgliederbeitrages f\u00fcr das n\u00e4chste Vereinsjahr<\/li>\n\n\n\n<li>i)&nbsp;Genehmigung des Budgets<\/li>\n\n\n\n<li>k)&nbsp;Wahl des Pr\u00e4sidenten, der \u00fcbrigen Vorstandsmitglieder und der Rechnungsrevisoren<\/li>\n\n\n\n<li>l)&nbsp;Ehrungen, Ernennung von Ehrenmitgliedern<\/li>\n\n\n\n<li>m) Statuten\u00e4nderungen<\/li>\n\n\n\n<li>n)&nbsp;Sonstige statutarische Gesch\u00e4fte<\/li>\n<\/ul>\n\n\n\n<p>4.1.3&nbsp;&nbsp; Eine ausserordentliche GV kann durch den Vorstand einberufen werden.<\/p>\n\n\n\n<p>4.1.4&nbsp;&nbsp; Wird eine ausserordentliche Generalversammlung von mindestens einem F\u00fcnftel der Mitglieder verlangt, hat der Vorstand diese innert 30 Tagen einzuberufen.<\/p>\n\n\n\n<p>4.1.5&nbsp;&nbsp; Stimm- und Wahlrecht<\/p>\n\n\n\n<ol style=\"list-style-type:lower-alpha\" class=\"wp-block-list\">\n<li>Alle anwesenden Mitglieder inklusive Passivmitglieder sind stimm- und wahlberechtigt.<\/li>\n\n\n\n<li>Die Generalversammlung ist beschlussf\u00e4hig, wenn mindestens drei Mitglieder anwesend sind.<\/li>\n\n\n\n<li>Bei Abstimmungen ist das relative Mehr der abgegebenen Stimmen g\u00fcltig. Bei Stimmengleichheit entscheidet der Pr\u00e4sident.<\/li>\n\n\n\n<li>Im ersten Wahlgang gilt das absolute Mehr (50&nbsp;%&nbsp;+&nbsp;1) der abgegebenen g\u00fcltigen Stimmen. Ab dem zweiten Wahlgang gen\u00fcgt das einfache Mehr. Bei Stimmengleichheit entscheidet dann das Los.<\/li>\n\n\n\n<li>Abstimmungen und Wahlen werde offen durch Handerheben durchgef\u00fchrt. Die Mehrheit der anwesenden stimmberechtigten Mitglieder kann eine geheime Abstimmung verlangen.<\/li>\n\n\n\n<li>Bei einer Urabstimmung gilt das einfache Mehr.<\/li>\n<\/ol>\n\n\n\n<p>4.1.6&nbsp;&nbsp; Die Mitglieder sind 30 Tage vor der Generalversammlung mit der Traktandenliste zur Generalversammlung einzuladen.<\/p>\n\n\n\n<p>4.1.7&nbsp;&nbsp; Antr\u00e4ge von Mitgliedern zuhanden der Generalversammlung sind mindestens 14 Tage vor der Generalversammlung schriftlich und begr\u00fcndet an den Pr\u00e4sidenten zu richten.<\/p>\n\n\n\n<h3 class=\"wp-block-heading\">4.2 DER VORSTAND<\/h3>\n\n\n\n<p>4.2.1&nbsp;&nbsp; Der Vorstand besteht aus mindestens 3 Mitgliedern und konstituiert sich selbst. Er ist bereits bei Anwesenheit von 2 Mitgliedern beschlussf\u00e4hig.<\/p>\n\n\n\n<p>4.2.2&nbsp;&nbsp; Der Vorstand wird f\u00fcr 2 Jahre gew\u00e4hlt.<\/p>\n\n\n\n<p>4.2.3&nbsp;&nbsp; In die Kompetenz des Vorstandes fallen alle Gesch\u00e4fte, die nach den Statuten nicht einem anderen Organ \u00fcbertragen sind.<\/p>\n\n\n\n<p>4.2.4&nbsp;&nbsp; Die Vorstandsmitglieder haben der ordentlichen Generalversammlung j\u00e4hrlich Bericht zu erstatten.<\/p>\n\n\n\n<p>4.2.5&nbsp;&nbsp; Der Vorstand setzt die Beschl\u00fcsse der Generalversammlung um. Er trifft sich nach Bedarf auf Einladung des Pr\u00e4sidenten und kann zu seinen Sitzungen weitere Vereinsmitglieder einladen; diese haben jedoch nur beratende Stimme.<\/p>\n\n\n\n<p>4.2.6&nbsp;&nbsp; Der Bergmanager und technische Leiter kann f\u00fcr einzelne Regionen fachkundige Personen einsetzen, die ihn bei seiner Arbeit unterst\u00fctzen. Er regelt mit diesen die Zusammenarbeit und die Verantwortung.<\/p>\n\n\n\n<p>4.2.7&nbsp;&nbsp; Mit Ausnahme des Vereinspr\u00e4sidenten kann der Vorstand die w\u00e4hrend der Amtsdauer ausscheidenden Vorstandsmitglieder provisorisch bis zur n\u00e4chsten Generalversammlung ersetzen.<\/p>\n\n\n\n<p>4.2.8&nbsp;&nbsp; Der Pr\u00e4sident, der Vizepr\u00e4sident und der Sekret\u00e4r unterschreiben einzeln rechtsverbindlich f\u00fcr HB9SOTA.<\/p>\n\n\n\n<h3 class=\"wp-block-heading\">4.3 DIE REVISIONSSTELLE<\/h3>\n\n\n\n<p>4.3.1&nbsp;&nbsp; Die Revisionsstelle setzt sich aus dem Rechnungsrevisor und dem Ersatzrevisor zusammen. Beide werden von der Generalversammlung gew\u00e4hlt.<\/p>\n\n\n\n<p>4.3.2&nbsp;&nbsp; Als Revisoren sind alle Mitglieder w\u00e4hlbar. Sie sollten nach M\u00f6glichkeit \u00fcber buchhalterische Kenntnisse verf\u00fcgen.<\/p>\n\n\n\n<p>4.3.3&nbsp;&nbsp; Der Rechnungsrevisor pr\u00fcft und begutachtet die Jahresrechnung und erstattet der ordentlichen Generalversammlung \u00fcber die Ergebnisse der Revision einen schriftlichen Bericht. Er ist berechtigt, jederzeit eine Kassarevision vorzunehmen.<\/p>\n\n\n\n<h3 class=\"wp-block-heading\">4.4 REFERATE<\/h3>\n\n\n\n<p>4.4.1&nbsp;&nbsp; Referate ausserhalb des Vorstands dienen zur Bearbeitung von spezifischen Themenfeldern, die im Rahmen des Vereinszwecks nicht durch den Vorstand bearbeitet werden.<\/p>\n\n\n\n<p>4.4.2   Als Referenten sind alle Mitglieder w\u00e4hlbar. Sie sollten Interesse am Thema des entsprechenden Referates mitbringen.<\/p>\n\n\n\n<h2 class=\"wp-block-heading\">ARTIKEL 5 FINANZEN<\/h2>\n\n\n\n<p>5.1&nbsp;&nbsp;&nbsp;&nbsp;&nbsp;&nbsp; Die Einnahmen des Vereins setzen sich aus den ordentlichen und ausserordentlichen Mitgliederbeitr\u00e4gen, Subventionen, Sponsoring, Sammlungen, Schenkungen, Nettoertr\u00e4gen von Veranstaltungen, Werbung, Clubwirtschaft usw. zusammen.<\/p>\n\n\n\n<p>5.2&nbsp;&nbsp;&nbsp;&nbsp;&nbsp;&nbsp; Die Mitgliederbeitr\u00e4ge sind zu Beginn des Kalenderjahres oder bei Eintritt in den Verein f\u00e4llig.<\/p>\n\n\n\n<p>5.3&nbsp;&nbsp;&nbsp;&nbsp;&nbsp;&nbsp; Ehren- und Vorstandsmitglieder sind beitragsfrei. Der Vorstand kann weiteren Mitgliedern den Beitrag erlassen.<\/p>\n\n\n\n<p>5.4&nbsp;&nbsp;&nbsp;&nbsp;&nbsp;&nbsp; Einnahmen und Ausgaben werden budgetiert und m\u00fcssen von der Generalversammlung genehmigt werden.<\/p>\n\n\n\n<p>5.5&nbsp;&nbsp;&nbsp;&nbsp;&nbsp;&nbsp; F\u00fcr Verbindlichkeiten von HB9SOTA haftet nur das Vereinsverm\u00f6gen. Die pers\u00f6nliche Haftung der Vereinsmitglieder ist auf die Mitgliederbeitr\u00e4ge beschr\u00e4nkt. Jede weitergehende pers\u00f6nliche Haftung f\u00fcr Mitglieder ist ausgeschlossen.<\/p>\n\n\n\n<h2 class=\"wp-block-heading\">ARTIKEL 6 STATUTEN\u00c4NDERUNGEN<\/h2>\n\n\n\n<p>6.1&nbsp;&nbsp;&nbsp;&nbsp;&nbsp;&nbsp; \u00dcber Statuten\u00e4nderungen beschliesst die Generalversammlung, wobei mindestens Zweidrittel der anwesenden stimmberechtigten Mitglieder eine \u00c4nderung verlangen k\u00f6nnen.<\/p>\n\n\n\n<p>6.2&nbsp;&nbsp;&nbsp;&nbsp;&nbsp;&nbsp; Antr\u00e4ge f\u00fcr Statuten\u00e4nderungen sind den Mitgliedern schriftlich mit der Traktandenliste vor der Generalversammlung vorzulegen.<\/p>\n\n\n\n<p>6.3&nbsp;&nbsp;&nbsp;&nbsp;&nbsp;&nbsp; Antr\u00e4ge f\u00fcr Statuten\u00e4nderungen von Mitgliedern sind dem Pr\u00e4sidenten 30 Tage vor der Generalversammlung schriftlich einzureichen.<\/p>\n\n\n\n<h2 class=\"wp-block-heading\">ARTIKEL 7 AUFL\u00d6SUNG DES VEREINS<\/h2>\n\n\n\n<p>7.1&nbsp;&nbsp;&nbsp;&nbsp;&nbsp;&nbsp; Die Aufl\u00f6sung des Vereins muss an einer ausserordentlichen Generalversammlung erfolgen.<\/p>\n\n\n\n<p>7.2&nbsp;&nbsp;&nbsp;&nbsp;&nbsp;&nbsp; Die Aufl\u00f6sung erfolgt, wenn sich mindestens Zweidrittel der anwesenden Mitglieder daf\u00fcr aussprechen.<\/p>\n\n\n\n<p>7.3&nbsp;&nbsp;&nbsp;&nbsp;&nbsp;&nbsp; Bei der Aufl\u00f6sung ist der Verein ordentlich zu liquidieren. Dazu wird eine spezielle Kommission eingesetzt.<\/p>\n\n\n\n<p>7.4&nbsp;&nbsp;&nbsp;&nbsp;&nbsp;&nbsp; Ein allf\u00e4lliger Verm\u00f6gens\u00fcberschuss und ein allf\u00e4llig vereinseigenes Inventar soll f\u00fcr einen guten Zweck eingesetzt werden, z.B. zur Unterst\u00fctzung von Amateurfunk in Drittweltl\u00e4ndern o.\u00e4. Findet die Aufl\u00f6sungs-Generalversammlung keine Einigung zur Verwendung des Verm\u00f6gens, wird dieses dem SOTA-MT und\/oder dem SOTA-Mapping Project \u00fcberwiesen.<\/p>\n\n\n\n<h2 class=\"wp-block-heading\">ARTIKEL 8 SCHLUSSBESTIMMUNGEN<\/h2>\n\n\n\n<p>Diese Statuten wurden an der 19. GV in einer Abstimmung am 13.04.2024 genehmigt und treten sofort in Kraft.<\/p>\n\n\n\n<p><strong>Unterschriften:<\/strong><\/p>\n\n\n\n<p>B\u00fclach , den 14.04.2024<\/p>\n\n\n\n<p>Der Pr\u00e4sident:&nbsp;&nbsp;&nbsp;&nbsp;&nbsp;&nbsp;&nbsp;&nbsp;&nbsp;&nbsp;&nbsp;&nbsp;&nbsp;&nbsp;&nbsp;&nbsp;&nbsp;&nbsp;&nbsp;&nbsp;&nbsp;&nbsp;&nbsp;&nbsp;&nbsp;&nbsp;&nbsp;&nbsp;&nbsp;&nbsp; Der Sekret\u00e4r:<\/p>\n\n\n\n<p>Jens Nolte, HB9EKO&nbsp;&nbsp;&nbsp;&nbsp;&nbsp;&nbsp;&nbsp;&nbsp;&nbsp;&nbsp;&nbsp;&nbsp;&nbsp;       Roman B\u00e4chli, HB9HKR<\/p>\n","protected":false},"excerpt":{"rendered":"<p>ARTIKEL 1 ALLGEMEINE BESTIMMUNGEN 1.1 &nbsp;&nbsp;&nbsp;&nbsp;&nbsp;&nbsp; Die SOTA-Gruppe Schweiz, mit Klubrufzeichen HB9SOTA, wurde am 16. Mai 2005 als Verein nach Artikel 60 ff. des Schweizerischen Zivilgesetzbuches (ZGB) gegr\u00fcndet. 1.2&nbsp;&nbsp;&nbsp;&nbsp;&nbsp;&nbsp; Der Sitz befindet sich am jeweiligen Wohnort des Pr\u00e4sidenten. 1.3&nbsp;&nbsp;&nbsp;&nbsp;&nbsp;&nbsp; HB9SOTA &hellip;<\/p>\n<p class=\"read-more\"> <a class=\"more-link\" href=\"https:\/\/hb9sota.ch\/en\/statuten\/\"> <span class=\"screen-reader-text\">Statuten<\/span> Read More &raquo;<\/a><\/p>\n","protected":false},"author":1,"featured_media":0,"parent":0,"menu_order":0,"comment_status":"closed","ping_status":"open","template":"","meta":{"publish_to_discourse":"","publish_post_category":"","wpdc_auto_publish_overridden":"","wpdc_topic_tags":"","wpdc_pin_topic":"","wpdc_pin_until":"","discourse_post_id":"","discourse_permalink":"","wpdc_publishing_response":"","wpdc_publishing_error":"","footnotes":""},"class_list":["post-90","page","type-page","status-publish","hentry"],"_links":{"self":[{"href":"https:\/\/hb9sota.ch\/en\/wp-json\/wp\/v2\/pages\/90","targetHints":{"allow":["GET"]}}],"collection":[{"href":"https:\/\/hb9sota.ch\/en\/wp-json\/wp\/v2\/pages"}],"about":[{"href":"https:\/\/hb9sota.ch\/en\/wp-json\/wp\/v2\/types\/page"}],"author":[{"embeddable":true,"href":"https:\/\/hb9sota.ch\/en\/wp-json\/wp\/v2\/users\/1"}],"replies":[{"embeddable":true,"href":"https:\/\/hb9sota.ch\/en\/wp-json\/wp\/v2\/comments?post=90"}],"version-history":[{"count":16,"href":"https:\/\/hb9sota.ch\/en\/wp-json\/wp\/v2\/pages\/90\/revisions"}],"predecessor-version":[{"id":11871,"href":"https:\/\/hb9sota.ch\/en\/wp-json\/wp\/v2\/pages\/90\/revisions\/11871"}],"wp:attachment":[{"href":"https:\/\/hb9sota.ch\/en\/wp-json\/wp\/v2\/media?parent=90"}],"curies":[{"name":"wp","href":"https:\/\/api.w.org\/{rel}","templated":true}]}}