{"id":7531,"date":"2023-03-19T17:35:23","date_gmt":"2023-03-19T16:35:23","guid":{"rendered":"https:\/\/hb9sota.ch\/?page_id=7531"},"modified":"2024-09-13T07:22:22","modified_gmt":"2024-09-13T05:22:22","slug":"regionaltreffen-freiburg-08-12-2022","status":"publish","type":"page","link":"https:\/\/hb9sota.ch\/en\/regionaltreffen\/regionaltreffen-freiburg-08-12-2022\/","title":{"rendered":"Regionaltreffen Freiburg 08.12.2022"},"content":{"rendered":"\n<figure class=\"wp-block-gallery has-nested-images columns-default is-cropped wp-block-gallery-1 is-layout-flex wp-block-gallery-is-layout-flex\">\n<figure class=\"wp-block-image size-large\"><a href=\"https:\/\/hb9sota.ch\/wp-content\/uploads\/2023\/03\/image-20221208-223758-1-scaled.jpeg\"><img loading=\"lazy\" decoding=\"async\" width=\"1024\" height=\"576\" data-id=\"7532\" src=\"https:\/\/hb9sota.ch\/wp-content\/uploads\/2023\/03\/image-20221208-223758-1-1024x576.jpeg\" alt=\"\" class=\"wp-image-7532\" srcset=\"https:\/\/hb9sota.ch\/wp-content\/uploads\/2023\/03\/image-20221208-223758-1-1024x576.jpeg 1024w, https:\/\/hb9sota.ch\/wp-content\/uploads\/2023\/03\/image-20221208-223758-1-300x169.jpeg 300w, https:\/\/hb9sota.ch\/wp-content\/uploads\/2023\/03\/image-20221208-223758-1-768x432.jpeg 768w, https:\/\/hb9sota.ch\/wp-content\/uploads\/2023\/03\/image-20221208-223758-1-1536x864.jpeg 1536w, https:\/\/hb9sota.ch\/wp-content\/uploads\/2023\/03\/image-20221208-223758-1-2048x1152.jpeg 2048w, https:\/\/hb9sota.ch\/wp-content\/uploads\/2023\/03\/image-20221208-223758-1-100x56.jpeg 100w, https:\/\/hb9sota.ch\/wp-content\/uploads\/2023\/03\/image-20221208-223758-1-150x84.jpeg 150w, https:\/\/hb9sota.ch\/wp-content\/uploads\/2023\/03\/image-20221208-223758-1-200x113.jpeg 200w, https:\/\/hb9sota.ch\/wp-content\/uploads\/2023\/03\/image-20221208-223758-1-450x253.jpeg 450w, https:\/\/hb9sota.ch\/wp-content\/uploads\/2023\/03\/image-20221208-223758-1-600x338.jpeg 600w, https:\/\/hb9sota.ch\/wp-content\/uploads\/2023\/03\/image-20221208-223758-1-900x506.jpeg 900w\" sizes=\"auto, (max-width: 1024px) 100vw, 1024px\" \/><\/a><\/figure>\n\n\n\n<figure class=\"wp-block-image size-large\"><a href=\"https:\/\/hb9sota.ch\/wp-content\/uploads\/2023\/03\/image-20221208-223758-scaled.jpeg\"><img loading=\"lazy\" decoding=\"async\" width=\"1024\" height=\"576\" data-id=\"7533\" src=\"https:\/\/hb9sota.ch\/wp-content\/uploads\/2023\/03\/image-20221208-223758-1024x576.jpeg\" alt=\"\" class=\"wp-image-7533\" srcset=\"https:\/\/hb9sota.ch\/wp-content\/uploads\/2023\/03\/image-20221208-223758-1024x576.jpeg 1024w, https:\/\/hb9sota.ch\/wp-content\/uploads\/2023\/03\/image-20221208-223758-300x169.jpeg 300w, https:\/\/hb9sota.ch\/wp-content\/uploads\/2023\/03\/image-20221208-223758-768x432.jpeg 768w, https:\/\/hb9sota.ch\/wp-content\/uploads\/2023\/03\/image-20221208-223758-1536x864.jpeg 1536w, https:\/\/hb9sota.ch\/wp-content\/uploads\/2023\/03\/image-20221208-223758-2048x1152.jpeg 2048w, https:\/\/hb9sota.ch\/wp-content\/uploads\/2023\/03\/image-20221208-223758-100x56.jpeg 100w, https:\/\/hb9sota.ch\/wp-content\/uploads\/2023\/03\/image-20221208-223758-150x84.jpeg 150w, https:\/\/hb9sota.ch\/wp-content\/uploads\/2023\/03\/image-20221208-223758-200x113.jpeg 200w, https:\/\/hb9sota.ch\/wp-content\/uploads\/2023\/03\/image-20221208-223758-450x253.jpeg 450w, https:\/\/hb9sota.ch\/wp-content\/uploads\/2023\/03\/image-20221208-223758-600x338.jpeg 600w, https:\/\/hb9sota.ch\/wp-content\/uploads\/2023\/03\/image-20221208-223758-900x506.jpeg 900w\" sizes=\"auto, (max-width: 1024px) 100vw, 1024px\" \/><\/a><\/figure>\n<\/figure>\n\n\n\n<p>Von HB3XBA<\/p>\n\n\n\n<p>In diesem Jahr 2022 sah es lange Zeit so aus, als w\u00fcrde der Herbst endlos weitergehen. Jeder nutzte diese unverhoffte Verschnauf[1]pause f\u00fcr einige Aktivierungen auf f\u00fcr die Jahreszeit recht hohen Gipfeln. In dieser ersten Dezemberwoche ist der Winter jedoch voll da! Mit der K\u00e4lte ist es an der Zeit, sich im Flachland an einen Tisch zu setzen, um sich gegenseitig von den Hintergr\u00fcnden unserer QSOs zu erz\u00e4hlen und \u00fcber unsere Pl\u00e4ne f\u00fcr 2023 zu sprechen. Unter den mehreren vorgeschlagenen regionalen Treffen haben wir vorgeschlagen, das Experiment eines Treffens zu wagen, das die OMs der beiden Sprach[1]regionen des Schweizer Mittellands zusam[1]menbringt. Welcher Ort w\u00e4re besser geeignet als das zweisprachige Freiburg, um eine Br\u00fccke \u00fcber die Saane und damit \u00fcber den R\u00f6stigraben zu schlagen! Das Treffen war im Geb\u00e4ude des alten Bahnhofs der Stadt angesetzt, in dem ein sehr nettes Kulturzentrum untergebracht ist. Wir konnten die relative Ruhe an diesem 8. Dezember genie\u00dfen, der in dieser katholischen Haup[1]tstadt der Z\u00e4hringer wegen des Festes der Unbefleckten Empf\u00e4ngnis ein Feiertag ist. Die N\u00e4he zu den gro\u00dfen Zuglinien f\u00f6rderte die Teilnahme, die mit 11 OMs ausgezeichnet war. Von so weit her wie aus dem Osten Z\u00fcrichs, aus dem Norden Basels und aus dem Westen Renens! Die drei anwesenden Freiburger, die auch Mitglieder der Freiburger Sektion der USKA HB9FG sind, waren stolz darauf, die Rolle der Gastgeber f\u00fcr einen Abend zu spielen. Ein oder zwei italienische Gerichte in einem nahegelegenen Restaurant bildeten den Hintergrund f\u00fcr viele gute Gespr\u00e4che. F\u00fcr viele war es die Gelegenheit, OMs zu treffen, die sie nicht kannten und von denen sie nur die Stimme geh\u00f6rt hatten&#8230; oder die Hand f\u00fcr diejenigen unter uns, die CW lieben! Vielen Dank an Sie alle, Franz\u00f6sisch- und Deutschsprachige, dass Sie an diesem Abend den weiten Weg auf sich genommen haben, um eine gesellige Mischung zu feiern, wie sie unser Land in dem seltenen Gl\u00fcck erleben kann. Wir treffen uns bald wieder im Frei[1]burgerland auf dem Gipfel des La Berra HB\/ FR-028 f\u00fcr die Winterwanderung HB9SOTA!<\/p>\n\n\n\n<p>Daniel HB9IIO, Daniel HB9HFM, Fred HB3XBA, Fritz HB9CXY, Hans HB9BQU, Jean-Pierre HB9HBV, Jens HB9EKO, Kurt Wetter HB9AFI, Manfred von Gr\u00fcningen HB9HIC, Matthias HB9DLB, Freddy HB9BHU<\/p>\n","protected":false},"excerpt":{"rendered":"<p>Von HB3XBA In diesem Jahr 2022 sah es lange Zeit so aus, als w\u00fcrde der Herbst endlos weitergehen. Jeder nutzte diese unverhoffte Verschnauf[1]pause f\u00fcr einige Aktivierungen auf f\u00fcr die Jahreszeit recht hohen Gipfeln. In dieser ersten Dezemberwoche ist der Winter &hellip;<\/p>\n<p class=\"read-more\"> <a class=\"more-link\" href=\"https:\/\/hb9sota.ch\/en\/regionaltreffen\/regionaltreffen-freiburg-08-12-2022\/\"> <span class=\"screen-reader-text\">Regionaltreffen Freiburg 08.12.2022<\/span> Read More &raquo;<\/a><\/p>\n","protected":false},"author":190,"featured_media":0,"parent":7484,"menu_order":0,"comment_status":"closed","ping_status":"closed","template":"","meta":{"publish_to_discourse":"","publish_post_category":"","wpdc_auto_publish_overridden":"","wpdc_topic_tags":"","wpdc_pin_topic":"","wpdc_pin_until":"","discourse_post_id":"","discourse_permalink":"","wpdc_publishing_response":"","wpdc_publishing_error":"","footnotes":""},"class_list":["post-7531","page","type-page","status-publish","hentry"],"_links":{"self":[{"href":"https:\/\/hb9sota.ch\/en\/wp-json\/wp\/v2\/pages\/7531","targetHints":{"allow":["GET"]}}],"collection":[{"href":"https:\/\/hb9sota.ch\/en\/wp-json\/wp\/v2\/pages"}],"about":[{"href":"https:\/\/hb9sota.ch\/en\/wp-json\/wp\/v2\/types\/page"}],"author":[{"embeddable":true,"href":"https:\/\/hb9sota.ch\/en\/wp-json\/wp\/v2\/users\/190"}],"replies":[{"embeddable":true,"href":"https:\/\/hb9sota.ch\/en\/wp-json\/wp\/v2\/comments?post=7531"}],"version-history":[{"count":2,"href":"https:\/\/hb9sota.ch\/en\/wp-json\/wp\/v2\/pages\/7531\/revisions"}],"predecessor-version":[{"id":7552,"href":"https:\/\/hb9sota.ch\/en\/wp-json\/wp\/v2\/pages\/7531\/revisions\/7552"}],"up":[{"embeddable":true,"href":"https:\/\/hb9sota.ch\/en\/wp-json\/wp\/v2\/pages\/7484"}],"wp:attachment":[{"href":"https:\/\/hb9sota.ch\/en\/wp-json\/wp\/v2\/media?parent=7531"}],"curies":[{"name":"wp","href":"https:\/\/api.w.org\/{rel}","templated":true}]}}