{"id":5575,"date":"2021-11-16T22:51:03","date_gmt":"2021-11-16T21:51:03","guid":{"rendered":"https:\/\/hb9sota.ch\/?page_id=5575"},"modified":"2025-12-31T11:14:58","modified_gmt":"2025-12-31T10:14:58","slug":"hb9diz","status":"publish","type":"page","link":"https:\/\/hb9sota.ch\/en\/hb9diz\/","title":{"rendered":"HB9DIZ"},"content":{"rendered":"<h1 style=\"text-align: left\">Markus Schuler, Luzern<\/h1>\n<p style=\"text-align: left\"><em><span style=\"color: #ff6600\">\u00abUnsere einmalige Berglandschaft f\u00f6rdert die Liebe zur Heimat.\u00bb<\/span><\/em><\/p>\n<p><a href=\"https:\/\/hb9sota.ch\/wp-content\/uploads\/2021\/02\/HF_2018.jpg\"><img loading=\"lazy\" decoding=\"async\" class=\"alignnone size-full wp-image-4563\" src=\"https:\/\/hb9sota.ch\/wp-content\/uploads\/2021\/02\/HF_2018.jpg\" alt=\"\" width=\"2496\" height=\"464\" srcset=\"https:\/\/hb9sota.ch\/wp-content\/uploads\/2021\/02\/HF_2018.jpg 2496w, https:\/\/hb9sota.ch\/wp-content\/uploads\/2021\/02\/HF_2018-300x56.jpg 300w, https:\/\/hb9sota.ch\/wp-content\/uploads\/2021\/02\/HF_2018-1024x190.jpg 1024w, https:\/\/hb9sota.ch\/wp-content\/uploads\/2021\/02\/HF_2018-768x143.jpg 768w, https:\/\/hb9sota.ch\/wp-content\/uploads\/2021\/02\/HF_2018-1536x286.jpg 1536w, https:\/\/hb9sota.ch\/wp-content\/uploads\/2021\/02\/HF_2018-2048x381.jpg 2048w, https:\/\/hb9sota.ch\/wp-content\/uploads\/2021\/02\/HF_2018-200x37.jpg 200w\" sizes=\"auto, (max-width: 2496px) 100vw, 2496px\" \/><\/a><\/p>\n<p style=\"text-align: left\">Jahrgang 1964, Betriebs\u00f6konom FH.<\/p>\n<p style=\"text-align: left\">Funkamateur seit 1985. Fr\u00fchere Rufzeichen: HE9JDC (als Kurzwellenh\u00f6rer), HB9SRG (UKW-Lizenz).<\/p>\n<p style=\"text-align: left\">Mitglied von USKA, HB9LU, Swiss ARTG, SDXF, HB9SOTA und Funkamateure e.V.<\/p>\n<h3><em><strong><span style=\"color: #ff6600\">\u00abWhatever makes you happy!\u00bb<\/span><\/strong><\/em><\/h3>\n<p style=\"text-align: left\"><strong>Mit Leib und Seele beim Bergfunkprogramm \u00abSummits on the Air\u00bb (SOTA)<\/strong><\/p>\n<p style=\"text-align: left\">Mein Einstieg ins SOTA-Programm fand am 5. Mai 2017 statt: am <a href=\"https:\/\/sotl.as\/summits\/HB\/LU-028\" target=\"_blank\" rel=\"noopener\">Sonnenberg, HB\/LU-028,<\/a> einem H\u00f6henzug westlich von Luzern, erreichbar von Kriens mit einer wundersch\u00f6nen nostalgischen Standseilbahn. Danach in der <a href=\"https:\/\/sotl.as\/map\/coordinates\/48.025328,8.420345\/8.8\" target=\"_blank\" rel=\"noopener\">Trainingsphase beidseits des \u00abSp\u00e4tzle-Highways\u00bb A81<\/a> im S\u00fcden Deutschlands: auf und nieder &#8211; immer wieder, hi.<\/p>\n<p style=\"text-align: left\">Seither im Sommer und im Winter mit dem SOTA-Rucksack da und dort im Wanderurlaub gewesen: Schwarzwald und Schw\u00e4bische Alb, Bregenzerwald, S\u00fcdvogesen, Montafon, Bayerwald und B\u00f6hmerwald, Tannheimer Tal, Toggenburg, Oberallg\u00e4u, Ostallg\u00e4u, Ost-Alb, Tiroler Oberland, Provence\/Gar, Nordvogesen, Pf\u00e4lzerwald, Franken, Alpbachtal, Salzkammergut \u2013 und immer noch begeistert! Daneben unz\u00e4hlige Tagesausfl\u00fcge in der Schweiz. Kein Hochgebirgsspezialist, aber gerne in den Bergschuhen. Eher Flachlandziege als Steinbock. Und immer ein Rundum-Schauer: SOTA ist nicht nur Technik, verbunden mit einer sportlichen Note, sondern auch Einblick in sch\u00f6ne Gegenden, lokales Brauchtum oder regionale Kulinarik &#8211; eben Erlebnisse f\u00fcr Leib und Seele. Whatever makes you happy!<\/p>\n<p style=\"text-align: left\">Immer mit dabei und sehr bew\u00e4hrt: mein Rucksackradio KX2 von Elecraft mit 10 Watt Ausgangsleistung, als mobile Antenne eine End-Fed f\u00fcr die Amateurfunk-Frequenzen bei 7 und 14 Megahertz (20 m Draht zum Aufrollen) mit Koppler 1:64 f\u00fcr die Anpassung auf 50 Ohm am Sender-Ausgang sowie der ausziehbare 10-m-GFK-Mast als Tr\u00e4ger f\u00fcr den Antennendraht, der so meist wie ein umgekehrtes \u00abV\u00bb in der Landschaft steht. Im Rucksack auch Ausr\u00fcstung f\u00fcr UKW auf 145 Megahertz: das Handfunkger\u00e4t FT5DE von Yaesu mit einer ausziehbaren Teleskop-Antenne RH-770, das mit APRS2SOTA auch mal meinen Standort spotten kann, wo kein Mobile-Empfang besteht.\u00a0<\/p>\n<ul>\n<li style=\"text-align: left\">SOTA Mountain Goat #1 (#35 in HB9) seit 20.05.2019, #2 (#20 in HB9) seit 29.11.2020, #3 (#19 in HB9) seit 20.07.2023, #4 (#18 in HB9) seit 30.06.2025.<\/li>\n<li style=\"text-align: left\"><a href=\"https:\/\/sotl.as\/activators\/HB9DIZ\" target=\"_blank\" rel=\"noopener\">HB9DIZ Activator Page im SOTLAS<\/a> (Verzeichnis der eigenen Aktivit\u00e4ten im SOTA-Bergfunkprogramm).<\/li>\n<\/ul>\n<p><strong>Themen aus den Starter-Jahren:<\/strong><\/p>\n<p><a href=\"https:\/\/hb9sota.ch\/wp-content\/uploads\/2024\/01\/Funken-vom-Panorama-Funkamateure-e.V_2022-07-23.pdf\"><strong>Report \u00abFunken vom Panorama\u00bb<\/strong><\/a> auf der Website des Vereins Funkamateure e.V. &#8211; Funken mit Sigrid und Harry im Ostallg\u00e4u im Juli 2022.<\/p>\n<p><strong><a href=\"https:\/\/hb9sota.ch\/wp-content\/uploads\/2022\/12\/Fruehlingsaussichten-Funkamateure-e.V.-2021-04.pdf\" target=\"_blank\" rel=\"noopener\">Report \u00abFr\u00fchlingsaussichten\u00bb<\/a><\/strong>\u00a0auf der Website des Vereins Funkamateure e.V. &#8211; Unterwegs mit HB9DIZ auf dem Neckertaler H\u00f6henweg zwischen Wilketh\u00f6chi und Risiwald im April 2021.<\/p>\n<p style=\"text-align: left\"><a href=\"https:\/\/hb9sota.ch\/wp-content\/uploads\/2021\/03\/Zu-Besuch-bei-HB9DIZ-Funkamateure-e.V_2020-04.pdf\" target=\"_blank\" rel=\"noopener\"><strong>Report \u00abZu Besuch bei HB9DIZ\u00bb<\/strong><\/a> auf der Website des Vereins Funkamateure e.V. &#8211; Einblicke in Funkeralltage w\u00e4hrend des ersten Corona-Lockdowns im April 2020.<\/p>\n<p><a href=\"https:\/\/hb9sota.ch\/hb15sota-diplom\/\" target=\"_blank\" rel=\"noopener\"><strong>Jubil\u00e4umsaktivit\u00e4ten 15 Jahre Schweizer SOTA-Verein.<\/strong><\/a> Bis zum 8. Mai 2021 war ich h\u00e4ufig mit HB15SOTA statt mit meinem eigenen Rufzeichen HB9DIZ auf den Summits unterwegs. Der Schweizer SOTA-Verein &#8220;HB9SOTA&#8221; feierte damals sein 15-j\u00e4hriges Bestehen und betrieb vom 9. Mai 2020 bis zum 8. Mai 2021 das Sonderrufzeichen HB15SOTA. In diesem Zeitraum konnte ein spezielles Diplom erarbeitet werden. Gewertet wurden Kontakte von zu Hause oder von anderen Summits mit HB15SOTA, wobei ermittelt wurde, aus wie vielen unterschiedlichen Kantonen die Partner-Station HB15SOTA gesendet hat. Wer im Jubil\u00e4umsjahr alle m\u00f6glichen 24 Kantone schaffte, bekam das Edelweiss-Diplom. F\u00fcr weniger Kantone gab es die Auszeichnungen Enzian bzw. Alpenrose. Fast 300 Diplome konnten insgesamt vergeben werden. F\u00fcr all diese Kolleginnen und Kollegen war ich auf der Piste!\u00a0<\/p>\n<p style=\"text-align: left\"><strong>SOTA holiday reports by HB9DIZ<\/strong> (in English):<\/p>\n<ul>\n<li style=\"text-align: left\"><a href=\"https:\/\/reflector.sota.org.uk\/t\/sota-activation-report-valley-of-tannheim-austria-summer-2020\/23894\" target=\"_blank\" rel=\"noopener noreferrer\">SOTA activation report Tannheimer Tal (valley of Tannheim, Austria)<\/a> (July 2020)<\/li>\n<li style=\"text-align: left\"><a href=\"https:\/\/reflector.sota.org.uk\/t\/sota-activation-report-oberallgau-germany-summer-2019\/22224\" target=\"_blank\" rel=\"noopener noreferrer\">SOTA activation report Oberallg\u00e4u (Germany)<\/a> (July 2019)<\/li>\n<li style=\"text-align: left\"><a href=\"http:\/\/reflector.sota.org.uk\/t\/sota-activation-report-montafon-valley-austria-summer-2018\/18454\" target=\"_blank\" rel=\"noopener noreferrer\">SOTA activation report Montafon (Austria)<\/a> (July 2018)<\/li>\n<li style=\"text-align: left\"><a href=\"http:\/\/reflector.sota.org.uk\/t\/sota-activation-report-bregenzerwald-summer-2017\/15734\" target=\"_blank\" rel=\"noopener noreferrer\">SOTA activation report Bregenzerwald (Austria)<\/a> (July 2017)<\/li>\n<\/ul>\n<p style=\"text-align: left\"><strong>SOTA summit reports and tour reports by HB9DIZ<\/strong> (in English):<\/p>\n<ul>\n<li style=\"text-align: left\"><a href=\"https:\/\/reflector.sota.org.uk\/t\/when-sally-met-harry-summit-report-for-grosser-mythen-hb-sz-019\/20339\" target=\"_blank\" rel=\"noopener\">SOTA summit report Grosser Mythen HB\/SZ-019<\/a> (May 2019)<\/li>\n<li style=\"text-align: left\"><a href=\"http:\/\/reflector.sota.org.uk\/t\/some-winter-fun-for-a-pedestrian-hb-gr-250-weissfluh-nearby-davos-eastern-switzerland\/19690\" target=\"_blank\" rel=\"noopener noreferrer\">SOTA summit report Weissfluh HB\/GR-250<\/a> (March 2019)<\/li>\n<li><a href=\"http:\/\/reflector.sota.org.uk\/t\/doing-the-neighborhood-mount-pilatus-with-tomlishorn-hb-nw-011-and-matthorn-hb-ow-015\/18688\" target=\"_blank\" rel=\"noopener noreferrer\">SOTA summit report Mount Pilatus summits near Lucerne<\/a> (Tomlishorn and Matthorn, October 2018)<\/li>\n<li style=\"text-align: left\"><a href=\"http:\/\/reflector.sota.org.uk\/t\/summit-and-winter-activation-report-dm-bw-851-winterwald-southern-part-of-black-forest-germany\/16888\" target=\"_blank\" rel=\"noopener noreferrer\">SOTA summit report Winterwald DM\/BW-851<\/a> (December 2017)<\/li>\n<li style=\"text-align: left\"><a href=\"http:\/\/reflector.sota.org.uk\/t\/summit-and-activation-report-hb-nw-019-burgenstock-above-lake-of-lucerne-central-switzerland\/16400\" target=\"_blank\" rel=\"noopener noreferrer\">SOTA summit report B\u00fcrgenstock HB\/NW-019<\/a> (December 2017)<\/li>\n<li style=\"text-align: left\"><a href=\"http:\/\/reflector.sota.org.uk\/t\/summit-report-hb-lu-029-bireggwald-nearby-lucerne-central-switzerland\/16162\" target=\"_blank\" rel=\"noopener noreferrer\">SOTA summit report Bireggwald HB\/LU-029<\/a> (October 2017)<\/li>\n<li style=\"text-align: left\"><a href=\"http:\/\/reflector.sota.org.uk\/t\/summit-report-hb-sz-038-windwurf-nearby-rothenthurm-central-switzerland\/16018\" target=\"_blank\" rel=\"noopener noreferrer\">SOTA summit report Windwurf HB\/SZ-038<\/a> (September 2017)<\/li>\n<li style=\"text-align: left\"><a href=\"http:\/\/reflector.sota.org.uk\/t\/summit-report-hb-lu-028-sonnebergwald-nearby-lucerne-central-switzerland\/15867\" target=\"_blank\" rel=\"noopener noreferrer\">SOTA summit report Sonnenberg HB\/LU-028<\/a> (August 2017)<\/li>\n<\/ul>\n<p><a href=\"https:\/\/hb9sota.ch\/wp-content\/uploads\/2018\/07\/Schneitgrat_HB-BE-145_2018-07-12.jpg\"><img loading=\"lazy\" decoding=\"async\" class=\"alignnone wp-image-2801\" src=\"https:\/\/hb9sota.ch\/wp-content\/uploads\/2018\/07\/Schneitgrat_HB-BE-145_2018-07-12-300x126.jpg\" alt=\"\" width=\"777\" height=\"326\" srcset=\"https:\/\/hb9sota.ch\/wp-content\/uploads\/2018\/07\/Schneitgrat_HB-BE-145_2018-07-12-300x126.jpg 300w, https:\/\/hb9sota.ch\/wp-content\/uploads\/2018\/07\/Schneitgrat_HB-BE-145_2018-07-12-768x322.jpg 768w, https:\/\/hb9sota.ch\/wp-content\/uploads\/2018\/07\/Schneitgrat_HB-BE-145_2018-07-12-1024x430.jpg 1024w, https:\/\/hb9sota.ch\/wp-content\/uploads\/2018\/07\/Schneitgrat_HB-BE-145_2018-07-12-200x84.jpg 200w, https:\/\/hb9sota.ch\/wp-content\/uploads\/2018\/07\/Schneitgrat_HB-BE-145_2018-07-12.jpg 1829w\" sizes=\"auto, (max-width: 777px) 100vw, 777px\" \/><\/a><br \/><em>Auf dem Schneitgrat im Saanenland, HB\/BE-145 \u2013 was f\u00fcr ein sch\u00f6nes Wohnzimmer mit Aussicht!<br \/><\/em><\/p>\n<p><a href=\"https:\/\/hb9sota.ch\/wp-content\/uploads\/2019\/01\/Rindalphorn_DL-AL-131_2017-07-16.jpg\"><img loading=\"lazy\" decoding=\"async\" class=\"alignnone wp-image-3056\" src=\"https:\/\/hb9sota.ch\/wp-content\/uploads\/2019\/01\/Rindalphorn_DL-AL-131_2017-07-16-300x117.jpg\" alt=\"\" width=\"777\" height=\"302\" srcset=\"https:\/\/hb9sota.ch\/wp-content\/uploads\/2019\/01\/Rindalphorn_DL-AL-131_2017-07-16-300x117.jpg 300w, https:\/\/hb9sota.ch\/wp-content\/uploads\/2019\/01\/Rindalphorn_DL-AL-131_2017-07-16-768x298.jpg 768w, https:\/\/hb9sota.ch\/wp-content\/uploads\/2019\/01\/Rindalphorn_DL-AL-131_2017-07-16-1024x398.jpg 1024w, https:\/\/hb9sota.ch\/wp-content\/uploads\/2019\/01\/Rindalphorn_DL-AL-131_2017-07-16-200x78.jpg 200w\" sizes=\"auto, (max-width: 777px) 100vw, 777px\" \/><\/a><br \/><em>Auf dem Rindalphorn, DL\/AL-131 (Nagelfluhkette, Allg\u00e4u) \u2013 hier vergisst man Zeit und Ort!<\/em><\/p>\n\n\n\n\n\n\n\n\n\n\n\n\n\n\n\n\n\n\n\n\n\n\n\n\n\n\n\n\n\n\n\n\n\n\n\n\n\n\n\n\n\n\n\n\n\n\n\n\n<div class=\"wp-block-file\"><a href=\"https:\/\/hb9sota.ch\/wp-content\/uploads\/2024\/01\/Funken-vom-Panorama-Funkamateure-e.V_2022-07-23.pdf\" class=\"wp-block-file__button wp-element-button\" download>Herunterladen<\/a><\/div>\n","protected":false},"excerpt":{"rendered":"<p>Markus Schuler, Luzern \u00abUnsere einmalige Berglandschaft f\u00f6rdert die Liebe zur Heimat.\u00bb Jahrgang 1964, Betriebs\u00f6konom FH. Funkamateur seit 1985. Fr\u00fchere Rufzeichen: HE9JDC (als Kurzwellenh\u00f6rer), HB9SRG (UKW-Lizenz). Mitglied von USKA, HB9LU, Swiss ARTG, SDXF, HB9SOTA und Funkamateure e.V. \u00abWhatever makes you happy!\u00bb &hellip;<\/p>\n<p class=\"read-more\"> <a class=\"more-link\" href=\"https:\/\/hb9sota.ch\/en\/hb9diz\/\"> <span class=\"screen-reader-text\">HB9DIZ<\/span> Read More &raquo;<\/a><\/p>\n","protected":false},"author":100,"featured_media":0,"parent":0,"menu_order":0,"comment_status":"closed","ping_status":"closed","template":"","meta":{"publish_to_discourse":"","publish_post_category":"","wpdc_auto_publish_overridden":"","wpdc_topic_tags":"","wpdc_pin_topic":"","wpdc_pin_until":"","discourse_post_id":"","discourse_permalink":"","wpdc_publishing_response":"","wpdc_publishing_error":"","footnotes":""},"class_list":["post-5575","page","type-page","status-publish","hentry"],"_links":{"self":[{"href":"https:\/\/hb9sota.ch\/en\/wp-json\/wp\/v2\/pages\/5575","targetHints":{"allow":["GET"]}}],"collection":[{"href":"https:\/\/hb9sota.ch\/en\/wp-json\/wp\/v2\/pages"}],"about":[{"href":"https:\/\/hb9sota.ch\/en\/wp-json\/wp\/v2\/types\/page"}],"author":[{"embeddable":true,"href":"https:\/\/hb9sota.ch\/en\/wp-json\/wp\/v2\/users\/100"}],"replies":[{"embeddable":true,"href":"https:\/\/hb9sota.ch\/en\/wp-json\/wp\/v2\/comments?post=5575"}],"version-history":[{"count":43,"href":"https:\/\/hb9sota.ch\/en\/wp-json\/wp\/v2\/pages\/5575\/revisions"}],"predecessor-version":[{"id":11814,"href":"https:\/\/hb9sota.ch\/en\/wp-json\/wp\/v2\/pages\/5575\/revisions\/11814"}],"wp:attachment":[{"href":"https:\/\/hb9sota.ch\/en\/wp-json\/wp\/v2\/media?parent=5575"}],"curies":[{"name":"wp","href":"https:\/\/api.w.org\/{rel}","templated":true}]}}