{"id":550,"date":"2013-12-26T12:06:56","date_gmt":"2013-12-26T12:06:56","guid":{"rendered":"http:\/\/preview.hb9sota.ch\/?page_id=550"},"modified":"2024-09-13T07:22:39","modified_gmt":"2024-09-13T05:22:39","slug":"was-ist-hb9sota","status":"publish","type":"page","link":"https:\/\/hb9sota.ch\/en\/was-ist-hb9sota\/","title":{"rendered":"Was ist HB9SOTA"},"content":{"rendered":"<h1>Summits On The Air<\/h1>\n<p>Summits on the Air, kurz SOTA, ist ein Programm f\u00fcr Amateurfunker, welche mit Portabel-Ger\u00e4ten von Berggipfel aus als \u00abAktivierer\u00bb mit anderen Amateurfunkern in Verbindung treten. Zugelassen sind alle Betriebsarten, wie CW, Fonie oder Digital (PSK31, RTTY, FT8 usw.). Es kann auf allen Amateur-Frequenzen gearbeitet werden.<\/p>\n<p>Das Programm wurde von Amateuren in England entwickelt und umfasst heute Assoziationen in allen europ\u00e4ischen Staaten, USA, Afrika und in \u00dcbersee.<\/p>\n<p>In der Schweiz wurde die SOTA-Gruppe im Mai 2005 als Verein gegr\u00fcndet, heute nennt sich die Gruppe HB9SOTA. Als Mitglied gilt, wer den Jahresbeitrag, er betr\u00e4gt zurzeit Fr. 20.00, einbezahlt hat. Mitglieder d\u00fcrfen <a href=\"https:\/\/hb9sota.ch\/sota\/hb9sota-rufzeichen\/\">das Rufzeichen \u00abHB9SOTA\u00bb f\u00fcr SOTA-Betrieb verwenden<\/a>.<\/p>\n<p>Eine Mitgliedschaft bei HB9SOTA ist nicht zwingend n\u00f6tig um SOTA-Funk zu betreiben, doch wir w\u00fcrden es begr\u00fcssen, wenn sich m\u00f6glichst alle SOTA-Aktivierer und Chaser unserer Gruppe anschliessen w\u00fcrden.<\/p>\n<p>Der Zweck unseres Vereins ist, die Bergliste auf dem letzten Stand zu erhalten, und den SOTA-Betrieb zu f\u00f6rdern und einer interessierten \u00d6ffentlichkeit bekannt zu machen.<\/p>\n","protected":false},"excerpt":{"rendered":"<p>Summits On The Air Summits on the Air, kurz SOTA, ist ein Programm f\u00fcr Amateurfunker, welche mit Portabel-Ger\u00e4ten von Berggipfel aus als \u00abAktivierer\u00bb mit anderen Amateurfunkern in Verbindung treten. Zugelassen sind alle Betriebsarten, wie CW, Fonie oder Digital (PSK31, RTTY, &hellip;<\/p>\n<p class=\"read-more\"> <a class=\"more-link\" href=\"https:\/\/hb9sota.ch\/en\/was-ist-hb9sota\/\"> <span class=\"screen-reader-text\">Was ist HB9SOTA<\/span> Read More &raquo;<\/a><\/p>\n","protected":false},"author":1,"featured_media":0,"parent":0,"menu_order":0,"comment_status":"closed","ping_status":"open","template":"","meta":{"publish_to_discourse":"","publish_post_category":"","wpdc_auto_publish_overridden":"","wpdc_topic_tags":"","wpdc_pin_topic":"","wpdc_pin_until":"","discourse_post_id":"","discourse_permalink":"","wpdc_publishing_response":"","wpdc_publishing_error":"","footnotes":""},"class_list":["post-550","page","type-page","status-publish","hentry"],"_links":{"self":[{"href":"https:\/\/hb9sota.ch\/en\/wp-json\/wp\/v2\/pages\/550","targetHints":{"allow":["GET"]}}],"collection":[{"href":"https:\/\/hb9sota.ch\/en\/wp-json\/wp\/v2\/pages"}],"about":[{"href":"https:\/\/hb9sota.ch\/en\/wp-json\/wp\/v2\/types\/page"}],"author":[{"embeddable":true,"href":"https:\/\/hb9sota.ch\/en\/wp-json\/wp\/v2\/users\/1"}],"replies":[{"embeddable":true,"href":"https:\/\/hb9sota.ch\/en\/wp-json\/wp\/v2\/comments?post=550"}],"version-history":[{"count":4,"href":"https:\/\/hb9sota.ch\/en\/wp-json\/wp\/v2\/pages\/550\/revisions"}],"predecessor-version":[{"id":3133,"href":"https:\/\/hb9sota.ch\/en\/wp-json\/wp\/v2\/pages\/550\/revisions\/3133"}],"wp:attachment":[{"href":"https:\/\/hb9sota.ch\/en\/wp-json\/wp\/v2\/media?parent=550"}],"curies":[{"name":"wp","href":"https:\/\/api.w.org\/{rel}","templated":true}]}}