{"id":3992,"date":"2020-09-20T12:54:41","date_gmt":"2020-09-20T11:54:41","guid":{"rendered":"https:\/\/hb9sota.ch\/?page_id=3992"},"modified":"2024-09-13T07:22:39","modified_gmt":"2024-09-13T05:22:39","slug":"urabstimmung-gv-2020","status":"publish","type":"page","link":"https:\/\/hb9sota.ch\/en\/urabstimmung-gv-2020\/","title":{"rendered":"Urabstimmung GV 2020"},"content":{"rendered":"\n<h2 class=\"wp-block-heading\"><strong>Schriftliche Durchf\u00fchrung der GV 2020 in Form einer Urabstimmung<\/strong><\/h2>\n\n\n\n<p>Die Covid-19-Epidemie zwingt uns, die GV schriftlich durchzuf\u00fchren. Obwohl dieser Fall in unseren Statuten nicht vorgesehen ist, ist dieses Vorgehen aufgrund der Verordnung 3 \u00fcber Massnahmen zur Bek\u00e4mpfung des Coronavirus vom 19. Juni 2020 gem\u00e4ss Art. 27 f\u00fcr Vereinsversammlungen zul\u00e4ssig.<\/p>\n\n\n\n<p>Die Urabstimmung f\u00fcr die GV 2020 enth\u00e4lt folgende Traktanden:<\/p>\n\n\n\n<ol class=\"wp-block-list\" type=\"1\"><li>Protokoll der letzten Generalversammlung vom 11.5.2019<\/li><li>Jahresberichte 2019 der Mitglieder des Vorstandes<\/li><li>Jahresrechnung 2019<\/li><li>Revisorenbericht 2019<\/li><li>Entlastung der Organe von HB9SOTA<\/li><li>Festsetzung des Mitgliederbeitrages 2020<\/li><li>Budgets 2020<\/li><li>Wahlen der Organe<\/li><li>Statutenrevisionen<\/li><li>Inkrafttreten des Lowland-Summit-Award<\/li><li>Antr\u00e4ge der Mitglieder<\/li><\/ol>\n\n\n\n<p>Die Unterlagen f\u00fcr die Abstimmung wurden per E-Mail an die Mitglieder verschickt und k\u00f6nnen auch hier heruntergeladen werden:<\/p>\n\n\n\n<div class=\"wp-block-file\"><a href=\"https:\/\/hb9sota.ch\/wp-content\/uploads\/2020\/10\/Unterlagen-Urabstimmung-GV-2020.pdf\">Unterlagen-Urabstimmung-GV-2020<\/a><a href=\"https:\/\/hb9sota.ch\/wp-content\/uploads\/2020\/10\/Unterlagen-Urabstimmung-GV-2020.pdf\" class=\"wp-block-file__button\" download>Herunterladen<\/a><\/div>\n\n\n\n<h3 class=\"wp-block-heading\">Technische Hinweise zum Ablauf der Abstimmung<\/h3>\n\n\n\n<p>Die folgenden Daten werden \u00fcber die Abstimmung auf dem Server gespeichert:<\/p>\n\n\n\n<ul class=\"wp-block-list\"><li>Tatsache, ob ein bestimmtes Mitglied an der Abstimmung teilgenommen hat, und wann (Datum\/Uhrzeit)<\/li><li>Summarische Anzahl Antworten f\u00fcr jede Option pro Traktandum (nicht auf einzelne Mitglieder bezogen)<\/li><\/ul>\n\n\n\n<p>Enthaltungen sind pro Traktandum m\u00f6glich, indem man keine Option ausw\u00e4hlt.<\/p>\n\n\n\n<hr class=\"wp-block-separator is-style-default\"\/>\n\n\n\n<h3 class=\"wp-block-heading\"><span class=\"has-inline-color has-vivid-red-color\">Die Abstimmung ist geschlossen!<\/span><\/h3>\n","protected":false},"excerpt":{"rendered":"<p>Schriftliche Durchf\u00fchrung der GV 2020 in Form einer Urabstimmung Die Covid-19-Epidemie zwingt uns, die GV schriftlich durchzuf\u00fchren. Obwohl dieser Fall in unseren Statuten nicht vorgesehen ist, ist dieses Vorgehen aufgrund der Verordnung 3 \u00fcber Massnahmen zur Bek\u00e4mpfung des Coronavirus vom &hellip;<\/p>\n<p class=\"read-more\"> <a class=\"more-link\" href=\"https:\/\/hb9sota.ch\/en\/urabstimmung-gv-2020\/\"> <span class=\"screen-reader-text\">Urabstimmung GV 2020<\/span> Read More &raquo;<\/a><\/p>\n","protected":false},"author":1,"featured_media":0,"parent":0,"menu_order":0,"comment_status":"closed","ping_status":"closed","template":"","meta":{"publish_to_discourse":"","publish_post_category":"","wpdc_auto_publish_overridden":"","wpdc_topic_tags":"","wpdc_pin_topic":"","wpdc_pin_until":"","discourse_post_id":"","discourse_permalink":"","wpdc_publishing_response":"","wpdc_publishing_error":"","footnotes":""},"class_list":["post-3992","page","type-page","status-publish","hentry"],"_links":{"self":[{"href":"https:\/\/hb9sota.ch\/en\/wp-json\/wp\/v2\/pages\/3992","targetHints":{"allow":["GET"]}}],"collection":[{"href":"https:\/\/hb9sota.ch\/en\/wp-json\/wp\/v2\/pages"}],"about":[{"href":"https:\/\/hb9sota.ch\/en\/wp-json\/wp\/v2\/types\/page"}],"author":[{"embeddable":true,"href":"https:\/\/hb9sota.ch\/en\/wp-json\/wp\/v2\/users\/1"}],"replies":[{"embeddable":true,"href":"https:\/\/hb9sota.ch\/en\/wp-json\/wp\/v2\/comments?post=3992"}],"version-history":[{"count":26,"href":"https:\/\/hb9sota.ch\/en\/wp-json\/wp\/v2\/pages\/3992\/revisions"}],"predecessor-version":[{"id":4190,"href":"https:\/\/hb9sota.ch\/en\/wp-json\/wp\/v2\/pages\/3992\/revisions\/4190"}],"wp:attachment":[{"href":"https:\/\/hb9sota.ch\/en\/wp-json\/wp\/v2\/media?parent=3992"}],"curies":[{"name":"wp","href":"https:\/\/api.w.org\/{rel}","templated":true}]}}