{"id":3772,"date":"2020-06-08T19:40:16","date_gmt":"2020-06-08T18:40:16","guid":{"rendered":"http:\/\/hb9sota.ch\/?page_id=3772"},"modified":"2025-12-24T14:47:56","modified_gmt":"2025-12-24T13:47:56","slug":"wie-fange-ich-mit-sota-an","status":"publish","type":"page","link":"https:\/\/hb9sota.ch\/en\/wie-fange-ich-mit-sota-an\/","title":{"rendered":"Wie fange ich mit SOTA an?"},"content":{"rendered":"\n<p>Um diese Frage allen SOTA-Neulingen zu beantworten und wertvolle Hinweise f\u00fcr den erfolgreichen Start als SOTA-Chaser oder -Aktivierer zu geben, hat HB9SOTA eine Anleitung ver\u00f6ffentlicht.<\/p>\n\n\n\n<figure class=\"wp-block-image size-large is-resized is-style-default\"><a href=\"https:\/\/docs.google.com\/document\/d\/1ggyB64pDDbaR4X3oO2HodplqKM0l1a17ZavnZ5vHP_8\/edit?usp=sharing\" target=\"_blank\" rel=\"noopener noreferrer\"><img loading=\"lazy\" decoding=\"async\" width=\"596\" height=\"843\" src=\"https:\/\/hb9sota.ch\/wp-content\/uploads\/2020\/06\/wie_fange_ich_mit_sota_an_sample.png\" alt=\"\" class=\"wp-image-3773\" style=\"width:298px;height:422px\" srcset=\"https:\/\/hb9sota.ch\/wp-content\/uploads\/2020\/06\/wie_fange_ich_mit_sota_an_sample.png 596w, https:\/\/hb9sota.ch\/wp-content\/uploads\/2020\/06\/wie_fange_ich_mit_sota_an_sample-212x300.png 212w, https:\/\/hb9sota.ch\/wp-content\/uploads\/2020\/06\/wie_fange_ich_mit_sota_an_sample-141x200.png 141w\" sizes=\"auto, (max-width: 596px) 100vw, 596px\" \/><\/a><\/figure>\n\n\n\n<p>Das Dokument kann online auf Google Docs eingesehen werden: <a href=\"https:\/\/docs.google.com\/document\/d\/1ggyB64pDDbaR4X3oO2HodplqKM0l1a17ZavnZ5vHP_8\/edit?usp=sharing\" target=\"_blank\" rel=\"noreferrer noopener\">Wie fange ich mit SOTA an?<\/a><\/p>\n\n\n\n<p>Alternativ kann es auch als PDF heruntergeladen werden:<\/p>\n\n\n\n<div class=\"wp-block-file\"><a id=\"wp-block-file--media-daf22931-59f2-4dc1-903c-48f7f04f2d4e\" href=\"https:\/\/hb9sota.ch\/wp-content\/uploads\/2025\/12\/Wie-fange-ich-mit-SOTA-an.pdf\">Wie fange ich mit SOTA an<\/a><a href=\"https:\/\/hb9sota.ch\/wp-content\/uploads\/2025\/12\/Wie-fange-ich-mit-SOTA-an.pdf\" class=\"wp-block-file__button wp-element-button\" download aria-describedby=\"wp-block-file--media-daf22931-59f2-4dc1-903c-48f7f04f2d4e\">Herunterladen<\/a><\/div>\n\n\n\n<p class=\"has-text-color has-link-color wp-elements-af21b49551fd9cdd7e51b34915a86f23\" style=\"color:#ff0000\"><strong>Wichtig: In keinem Fall haftet HB9SOTA f\u00fcr allf\u00e4llige direkte oder indirekte Sch\u00e4den, die als Folge des Gebrauchs von Informationen dieser Website enstehten.<\/strong><\/p>\n","protected":false},"excerpt":{"rendered":"<p>Um diese Frage allen SOTA-Neulingen zu beantworten und wertvolle Hinweise f\u00fcr den erfolgreichen Start als SOTA-Chaser oder -Aktivierer zu geben, hat HB9SOTA eine Anleitung ver\u00f6ffentlicht. Das Dokument kann online auf Google Docs eingesehen werden: Wie fange ich mit SOTA an? &hellip;<\/p>\n<p class=\"read-more\"> <a class=\"more-link\" href=\"https:\/\/hb9sota.ch\/en\/wie-fange-ich-mit-sota-an\/\"> <span class=\"screen-reader-text\">Wie fange ich mit SOTA an?<\/span> Read More &raquo;<\/a><\/p>\n","protected":false},"author":1,"featured_media":0,"parent":0,"menu_order":0,"comment_status":"closed","ping_status":"closed","template":"","meta":{"publish_to_discourse":"","publish_post_category":"","wpdc_auto_publish_overridden":"","wpdc_topic_tags":"","wpdc_pin_topic":"","wpdc_pin_until":"","discourse_post_id":"","discourse_permalink":"","wpdc_publishing_response":"","wpdc_publishing_error":"","footnotes":""},"class_list":["post-3772","page","type-page","status-publish","hentry"],"_links":{"self":[{"href":"https:\/\/hb9sota.ch\/en\/wp-json\/wp\/v2\/pages\/3772","targetHints":{"allow":["GET"]}}],"collection":[{"href":"https:\/\/hb9sota.ch\/en\/wp-json\/wp\/v2\/pages"}],"about":[{"href":"https:\/\/hb9sota.ch\/en\/wp-json\/wp\/v2\/types\/page"}],"author":[{"embeddable":true,"href":"https:\/\/hb9sota.ch\/en\/wp-json\/wp\/v2\/users\/1"}],"replies":[{"embeddable":true,"href":"https:\/\/hb9sota.ch\/en\/wp-json\/wp\/v2\/comments?post=3772"}],"version-history":[{"count":16,"href":"https:\/\/hb9sota.ch\/en\/wp-json\/wp\/v2\/pages\/3772\/revisions"}],"predecessor-version":[{"id":11785,"href":"https:\/\/hb9sota.ch\/en\/wp-json\/wp\/v2\/pages\/3772\/revisions\/11785"}],"wp:attachment":[{"href":"https:\/\/hb9sota.ch\/en\/wp-json\/wp\/v2\/media?parent=3772"}],"curies":[{"name":"wp","href":"https:\/\/api.w.org\/{rel}","templated":true}]}}