{"id":2826,"date":"2018-07-23T20:33:57","date_gmt":"2018-07-23T19:33:57","guid":{"rendered":"https:\/\/hb9sota.ch\/?page_id=2826"},"modified":"2024-09-13T07:22:22","modified_gmt":"2024-09-13T05:22:22","slug":"letzte-aktivierungen-von-hb-operators-im-ausland","status":"publish","type":"page","link":"https:\/\/hb9sota.ch\/en\/letzte-aktivierungen-von-hb-operators-im-ausland\/","title":{"rendered":"Letzte Aktivierungen von HB-Operators im Ausland"},"content":{"rendered":"\n<link rel=\"stylesheet\" type=\"text\/css\" href=\"\/activations\/DataTables\/datatables.min.css\">\n<link rel=\"stylesheet\" type=\"text\/css\" href=\"\/activations\/css\/hbact.css\">\n<link rel=\"stylesheet\" type=\"text\/css\" href=\"\/activations\/css\/hbact_small.css\">\n<script type=\"text\/javascript\" src=\"\/activations\/DataTables\/datatables.min.js\"><\/script>\n<script type=\"text\/javascript\" src=\"\/activations\/js\/moment.min.js\"><\/script>\n<script type=\"text\/javascript\" src=\"\/activations\/js\/de.js\"><\/script>\n<script src=\"\/activations\/activations.js\"><\/script>\n<script type=\"text\/javascript\">prepareActivationsTable('activationsTable', false, 'HB');<\/script>\n\n\n\n<p><a href=\"https:\/\/neon1.net\/sota\/activations\/?callprefix=HB&amp;notprefix=HB,HB0&amp;lang=de\" target=\"_blank\" rel=\"noopener noreferrer\">In separater Seite \u00f6ffnen<\/a><\/p>\n\n\n\n<table id=\"activationsTable\" class=\"activationsTable display compact cell-border nowrap\" style=\"width:100%\">\n<thead>\n<tr>\n<th>ID<\/th>\n<th>Datum<\/th>\n<th>Rufzeichen<\/th>\n<th>Erster Spot<\/th>\n<th>Letzter Spot<\/th>\n<th>Letzte Freq.<\/th>\n<th>Summit-Ref.<\/th>\n<th>Name<\/th>\n<th>H\u00f6he<\/th>\n<th>Punkte<\/th>\n<th>B\u00e4nder<\/th>\n<th>Modi<\/th>\n<\/tr>\n<\/thead>\n<\/table>\n\n\n\n<footer>Alle Zeitangaben in UTC. Die Angaben stammen aus SOTAwatch und werden automatisch einmal pro Minute aktualisiert.<br>Letzte Aktualisierung: <span id=\"lastRefreshTime\"><\/span><\/footer>\n","protected":false},"excerpt":{"rendered":"<p>In separater Seite \u00f6ffnen ID Datum Rufzeichen Erster Spot Letzter Spot Letzte Freq. Summit-Ref. Name H\u00f6he Punkte B\u00e4nder Modi Alle Zeitangaben in UTC. Die Angaben stammen aus SOTAwatch und werden automatisch einmal pro Minute aktualisiert.Letzte Aktualisierung:<\/p>\n","protected":false},"author":1,"featured_media":0,"parent":0,"menu_order":0,"comment_status":"closed","ping_status":"closed","template":"","meta":{"publish_to_discourse":"","publish_post_category":"","wpdc_auto_publish_overridden":"","wpdc_topic_tags":"","wpdc_pin_topic":"","wpdc_pin_until":"","discourse_post_id":"","discourse_permalink":"","wpdc_publishing_response":"","wpdc_publishing_error":"","footnotes":""},"class_list":["post-2826","page","type-page","status-publish","hentry"],"_links":{"self":[{"href":"https:\/\/hb9sota.ch\/en\/wp-json\/wp\/v2\/pages\/2826","targetHints":{"allow":["GET"]}}],"collection":[{"href":"https:\/\/hb9sota.ch\/en\/wp-json\/wp\/v2\/pages"}],"about":[{"href":"https:\/\/hb9sota.ch\/en\/wp-json\/wp\/v2\/types\/page"}],"author":[{"embeddable":true,"href":"https:\/\/hb9sota.ch\/en\/wp-json\/wp\/v2\/users\/1"}],"replies":[{"embeddable":true,"href":"https:\/\/hb9sota.ch\/en\/wp-json\/wp\/v2\/comments?post=2826"}],"version-history":[{"count":7,"href":"https:\/\/hb9sota.ch\/en\/wp-json\/wp\/v2\/pages\/2826\/revisions"}],"predecessor-version":[{"id":6847,"href":"https:\/\/hb9sota.ch\/en\/wp-json\/wp\/v2\/pages\/2826\/revisions\/6847"}],"wp:attachment":[{"href":"https:\/\/hb9sota.ch\/en\/wp-json\/wp\/v2\/media?parent=2826"}],"curies":[{"name":"wp","href":"https:\/\/api.w.org\/{rel}","templated":true}]}}