{"id":2129,"date":"2017-05-06T10:02:41","date_gmt":"2017-05-06T09:02:41","guid":{"rendered":"https:\/\/hb9sota.ch\/?page_id=2129"},"modified":"2024-09-13T07:22:21","modified_gmt":"2024-09-13T05:22:21","slug":"hb9jat","status":"publish","type":"page","link":"https:\/\/hb9sota.ch\/en\/hb9jat\/","title":{"rendered":"HB9JAT, Thomas in Steinen SZ"},"content":{"rendered":"\n<p><\/p>\n\n\n\n<figure class=\"wp-block-image size-large is-resized\"><a href=\"https:\/\/hb9sota.ch\/wp-content\/uploads\/2021\/01\/HB9JAT-SOTA.jpg\"><img loading=\"lazy\" decoding=\"async\" src=\"https:\/\/hb9sota.ch\/wp-content\/uploads\/2021\/01\/HB9JAT-SOTA.jpg\" alt=\"\" class=\"wp-image-4441\" width=\"360\" height=\"360\" srcset=\"https:\/\/hb9sota.ch\/wp-content\/uploads\/2021\/01\/HB9JAT-SOTA.jpg 767w, https:\/\/hb9sota.ch\/wp-content\/uploads\/2021\/01\/HB9JAT-SOTA-300x300.jpg 300w, https:\/\/hb9sota.ch\/wp-content\/uploads\/2021\/01\/HB9JAT-SOTA-150x150.jpg 150w, https:\/\/hb9sota.ch\/wp-content\/uploads\/2021\/01\/HB9JAT-SOTA-200x200.jpg 200w\" sizes=\"auto, (max-width: 360px) 100vw, 360px\" \/><\/a><\/figure>\n\n\n\n<p><\/p>\n\n\n<h1><strong><span style=\"color: #ff0000\">Ham-Radio Station since 1984<\/span><\/strong><\/h1>\n<ul>\n<li>2015 habe ich angefangen mein Hobby zu reaktivieren, nachdem ich mehr als 10 Jahre gar nichts mehr gemacht hatte. Nun habe ich meine KW-und UKW-Station wieder auf Vordermann gebracht. Dazu sind neu die digitalen Betriebsarten gekommen.<\/li>\n<li>An der Ham-Radio habe ich die SOTA-Gruppe kennengelernt und gemerkt, dass die Kombination von Technik und Natur genau meinen Bed\u00fcrfnissen enspricht. Darum habe ich bei HB9NBG, Ren\u00e9 Lutz, den Sota-Kurs besucht und mich auch gleich mit den entsprechenden Ger\u00e4ten eingedeckt.<\/li>\n<li><strong><span style=\"color: #339966\"><a style=\"color: #339966\" href=\"https:\/\/hb9sota.ch\/wp-content\/uploads\/2016\/12\/APRS2SOTA-by-HB9JAT-30.04.2017.pdf\">https:\/\/hb9sota.ch\/sota\/technik\/<\/a><\/span><\/strong><br \/><span style=\"color: #339966\"><span style=\"color: #339966\"><span style=\"color: #339966\"><span style=\"color: #339966\"><strong> Spotting via APRS mit dem Yaesu FT2D<\/strong><br \/>(ich habe diese Beschreibung erstellt, da es zwar viele fragmentierte Infos gibt, aber bisher habe ich nirgends eine brauchbare und vollst\u00e4ndige Anleitung gefunden)<\/span><\/span><\/span><\/span>\n<p><span style=\"color: #ff0000\"><u><strong>Memberships:<\/strong><\/u><\/span><\/p>\n<\/li>\n<li><span style=\"color: #0000ff\"><a style=\"color: #0000ff\" href=\"http:\/\/www.hb9cf.ch\" rel=\"noopener noreferrer\">HB9CF: USKA Sektion Uri-Schwyz <\/a><\/span><br \/><span style=\"color: #0000ff\">(Gr\u00fcndungsmitglied und seit Ende 2021 wieder Pr\u00e4sident)<\/span><\/li>\n<li><span style=\"color: #0000ff\"><a style=\"color: #0000ff\" href=\"http:\/\/www.uska.ch\" rel=\"noopener noreferrer\">USKA<\/a><\/span><\/li>\n<li><span style=\"color: #0000ff\"><a style=\"color: #0000ff\" href=\"http:\/\/www.htc.ch\" rel=\"noopener noreferrer\">HTC: Helvetia Telegraphy Club <\/a><\/span><\/li>\n<li><span style=\"color: #0000ff\"><a style=\"color: #0000ff\" href=\"https:\/\/www.swiss-artg.ch\/\" rel=\"noopener noreferrer\">SWISS-ARTG<\/a><\/span><\/li>\n<li><span style=\"color: #0000ff\"><a style=\"color: #0000ff\" href=\"https:\/\/raotc.clubdesk.com\/\">RAOTC: Radio Amateur Old Timer Club <\/a><\/span><\/li>\n<li><span style=\"color: #0000ff\"><a style=\"color: #0000ff\" href=\"http:\/\/www.darc.de\" rel=\"noopener noreferrer\">DARC: Deutschen Amateur-Radio-Club <\/a><\/span><\/li>\n<\/ul>\n<p><a href=\"https:\/\/hb9sota.ch\/wp-content\/uploads\/2017\/05\/HB9JAT_QSL.jpg\"><img loading=\"lazy\" decoding=\"async\" class=\"alignnone  wp-image-2135\" src=\"https:\/\/hb9sota.ch\/wp-content\/uploads\/2017\/05\/HB9JAT_QSL-300x211.jpg\" alt=\"\" width=\"373\" height=\"262\" srcset=\"https:\/\/hb9sota.ch\/wp-content\/uploads\/2017\/05\/HB9JAT_QSL-300x211.jpg 300w, https:\/\/hb9sota.ch\/wp-content\/uploads\/2017\/05\/HB9JAT_QSL-768x541.jpg 768w, https:\/\/hb9sota.ch\/wp-content\/uploads\/2017\/05\/HB9JAT_QSL-200x141.jpg 200w, https:\/\/hb9sota.ch\/wp-content\/uploads\/2017\/05\/HB9JAT_QSL.jpg 799w\" sizes=\"auto, (max-width: 373px) 100vw, 373px\" \/>\u00a0 <\/a><\/p>\n<p>\u00a0<\/p>\n<p><img loading=\"lazy\" decoding=\"async\" class=\"\" src=\"https:\/\/s3.amazonaws.com\/files.qrz.com\/t\/hb9jat\/SOTA_logo.png\" width=\"308\" height=\"308\" \/><\/p>\n<hr \/>\n<p><strong><u><span style=\"color: #ff0000\">Equipment<\/span><\/u><\/strong><\/p>\n<p><u><\/u><span style=\"color: #ff0000\"><span style=\"color: #008000\">SOTA:<\/span><\/span><span style=\"color: #ff0000\"><span style=\"color: #008000\"><br \/><\/span><span style=\"color: #008000\">ELECRAFT KX2 <br \/>with a longwire &#8211; antenna<\/span><\/span><\/p>\n<p><strong><span style=\"color: #000000\"><span style=\"color: #008000\">Yaesu FT-818 <br \/>with 5-element-SOTA-Beam\u00a0<br \/><\/span><br \/><\/span><\/strong><span style=\"color: #3366ff\"><u>C4FM\/Wires-X:<br \/><\/u>Yaesu FT2D\u00a0<\/span><\/p>\n<h5><span style=\"color: #3366ff\">DMR: <\/span>ID: 228 6119<br \/><span style=\"color: #3366ff\">TYT MD-380 and Anytone D878UV<\/span><\/h5>\n<p><span style=\"color: #ff9900\"><strong>Home:\u00a0<\/strong><\/span><br \/>YAESU &#8220;FT-847&#8221; and FT-890<br \/>Cushcraft R7<\/p>\n<ul>\n<li><strong>Mobile:<\/strong><br \/>none<\/li>\n<\/ul>\n<ul>\n<li><span style=\"color: #3366ff\">Ham-Net<\/span><\/li>\n<li><span style=\"color: #3366ff\">APRS: HB9JAT-7<\/span><\/li>\n<li><span style=\"color: #3366ff\">Skype: HB9JAT<\/span><\/li>\n<li><a style=\"font-size: inherit\" href=\"https:\/\/www.qrz.com\/db\/HB9JAT\">QRZ.COM<\/a><\/li>\n<li><a href=\"https:\/\/www.facebook.com\/thomas.vonarx.3\">Facebook<\/a><\/li>\n<\/ul>\n\n\n<p><\/p>\n","protected":false},"excerpt":{"rendered":"<p>Ham-Radio Station since 1984 2015 habe ich angefangen mein Hobby zu reaktivieren, nachdem ich mehr als 10 Jahre gar nichts mehr gemacht hatte. Nun habe ich meine KW-und UKW-Station wieder auf Vordermann gebracht. Dazu sind neu die digitalen Betriebsarten gekommen. &hellip;<\/p>\n<p class=\"read-more\"> <a class=\"more-link\" href=\"https:\/\/hb9sota.ch\/en\/hb9jat\/\"> <span class=\"screen-reader-text\">HB9JAT, Thomas in Steinen SZ<\/span> Read More &raquo;<\/a><\/p>\n","protected":false},"author":119,"featured_media":0,"parent":0,"menu_order":0,"comment_status":"closed","ping_status":"closed","template":"","meta":{"publish_to_discourse":"","publish_post_category":"","wpdc_auto_publish_overridden":"","wpdc_topic_tags":"","wpdc_pin_topic":"","wpdc_pin_until":"","discourse_post_id":"","discourse_permalink":"","wpdc_publishing_response":"","wpdc_publishing_error":"","footnotes":""},"class_list":["post-2129","page","type-page","status-publish","hentry"],"_links":{"self":[{"href":"https:\/\/hb9sota.ch\/en\/wp-json\/wp\/v2\/pages\/2129","targetHints":{"allow":["GET"]}}],"collection":[{"href":"https:\/\/hb9sota.ch\/en\/wp-json\/wp\/v2\/pages"}],"about":[{"href":"https:\/\/hb9sota.ch\/en\/wp-json\/wp\/v2\/types\/page"}],"author":[{"embeddable":true,"href":"https:\/\/hb9sota.ch\/en\/wp-json\/wp\/v2\/users\/119"}],"replies":[{"embeddable":true,"href":"https:\/\/hb9sota.ch\/en\/wp-json\/wp\/v2\/comments?post=2129"}],"version-history":[{"count":44,"href":"https:\/\/hb9sota.ch\/en\/wp-json\/wp\/v2\/pages\/2129\/revisions"}],"predecessor-version":[{"id":6202,"href":"https:\/\/hb9sota.ch\/en\/wp-json\/wp\/v2\/pages\/2129\/revisions\/6202"}],"wp:attachment":[{"href":"https:\/\/hb9sota.ch\/en\/wp-json\/wp\/v2\/media?parent=2129"}],"curies":[{"name":"wp","href":"https:\/\/api.w.org\/{rel}","templated":true}]}}