{"id":1842,"date":"2016-08-20T17:30:23","date_gmt":"2016-08-20T16:30:23","guid":{"rendered":"http:\/\/hb9sota.ch\/?page_id=1842"},"modified":"2024-09-13T07:22:19","modified_gmt":"2024-09-13T05:22:19","slug":"hb9dgv","status":"publish","type":"page","link":"https:\/\/hb9sota.ch\/en\/berichte\/hb9dgv\/","title":{"rendered":"HB9DGV"},"content":{"rendered":"<h1>Berichte<\/h1>\n<p><a href=\"https:\/\/hb9sota.ch\/wp-content\/uploads\/2016\/08\/BE-099-Oltschiburg-Erstaktivierung-von-HB9DGV.pdf\">HB\/BE-099 Oltschiburg (Erstaktivierung)<\/a>&nbsp; GPS Track:&nbsp;<a href=\"https:\/\/hb9sota.ch\/wp-content\/uploads\/2016\/08\/HB_BE-099-Oltschiburg.zip\">HB_BE-099 Oltschiburg<\/a><\/p>\n<h6><span style=\"color: #ff0000;\">Wichtig: In keinem Fall haftet HB9SOTA&nbsp;oder der Verfasser des Berichtes f\u00fcr allf\u00e4llige direkte oder indirekte Sch\u00e4den, die als Folge des Gebrauchs von Informationen dieser Website enstehten.<\/span><\/h6>\n","protected":false},"excerpt":{"rendered":"<p>Berichte HB\/BE-099 Oltschiburg (Erstaktivierung)&nbsp; GPS Track:&nbsp;HB_BE-099 Oltschiburg Wichtig: In keinem Fall haftet HB9SOTA&nbsp;oder der Verfasser des Berichtes f\u00fcr allf\u00e4llige direkte oder indirekte Sch\u00e4den, die als Folge des Gebrauchs von Informationen dieser Website enstehten.<\/p>\n","protected":false},"author":29,"featured_media":0,"parent":78,"menu_order":0,"comment_status":"closed","ping_status":"closed","template":"","meta":{"publish_to_discourse":"","publish_post_category":"","wpdc_auto_publish_overridden":"","wpdc_topic_tags":"","wpdc_pin_topic":"","wpdc_pin_until":"","discourse_post_id":"","discourse_permalink":"","wpdc_publishing_response":"","wpdc_publishing_error":"","footnotes":""},"class_list":["post-1842","page","type-page","status-publish","hentry"],"_links":{"self":[{"href":"https:\/\/hb9sota.ch\/en\/wp-json\/wp\/v2\/pages\/1842","targetHints":{"allow":["GET"]}}],"collection":[{"href":"https:\/\/hb9sota.ch\/en\/wp-json\/wp\/v2\/pages"}],"about":[{"href":"https:\/\/hb9sota.ch\/en\/wp-json\/wp\/v2\/types\/page"}],"author":[{"embeddable":true,"href":"https:\/\/hb9sota.ch\/en\/wp-json\/wp\/v2\/users\/29"}],"replies":[{"embeddable":true,"href":"https:\/\/hb9sota.ch\/en\/wp-json\/wp\/v2\/comments?post=1842"}],"version-history":[{"count":2,"href":"https:\/\/hb9sota.ch\/en\/wp-json\/wp\/v2\/pages\/1842\/revisions"}],"predecessor-version":[{"id":5546,"href":"https:\/\/hb9sota.ch\/en\/wp-json\/wp\/v2\/pages\/1842\/revisions\/5546"}],"up":[{"embeddable":true,"href":"https:\/\/hb9sota.ch\/en\/wp-json\/wp\/v2\/pages\/78"}],"wp:attachment":[{"href":"https:\/\/hb9sota.ch\/en\/wp-json\/wp\/v2\/media?parent=1842"}],"curies":[{"name":"wp","href":"https:\/\/api.w.org\/{rel}","templated":true}]}}